{"id":229226,"date":"2026-03-03T15:34:28","date_gmt":"2026-03-03T18:34:28","guid":{"rendered":"http:\/\/divi-5-playground.local\/?page_id=229226"},"modified":"2026-04-15T15:47:59","modified_gmt":"2026-04-15T18:47:59","slug":"equipe","status":"publish","type":"page","link":"https:\/\/redeentrepares.com\/pt_mz\/equipe\/","title":{"rendered":"Equipa"},"content":{"rendered":"<div class=\"et_pb_section_0 et_pb_section et_section_regular et_flex_section\">\n<div class=\"et_pb_row_0 et_pb_row et_flex_row\">\n<div class=\"et_pb_column_0 et_pb_column et-last-child et_flex_column et_pb_css_mix_blend_mode_passthrough et_flex_column_24_24 et_flex_column_24_24_tablet et_flex_column_24_24_phone\">\n<div class=\"et_pb_text_0 et_pb_text et_pb_bg_layout_light et_pb_module et_flex_module\"><div class=\"et_pb_text_inner\"><h3>Investigadores Acad\u00e9micos \/\/ Respons\u00e1veis:<\/h3>\n<\/div><\/div>\n<\/div>\n<\/div>\n\n<div class=\"et_pb_row_1 et_pb_row et_flex_row\">\n<div class=\"et_pb_column_1 et_pb_column et-last-child et_flex_column et_pb_css_mix_blend_mode_passthrough et_flex_column_24_24 et_flex_column_24_24_tablet et_flex_column_24_24_phone\">\n<div class=\"et_pb_team_member_0 et_pb_team_member et_pb_bg_layout_light et_pb_module et_flex_module\"><div class=\"et_pb_team_member_image et-waypoint et_pb_animation_off\"><img loading=\"lazy\" decoding=\"async\" src=\"https:\/\/redeentrepares.com\/wp-content\/uploads\/2026\/03\/redeentrepares-team-leonardo.jpg\" alt=\"Leonardo Palmeira\" width=\"1080\" height=\"1080\" srcset=\"https:\/\/redeentrepares.com\/wp-content\/uploads\/2026\/03\/redeentrepares-team-leonardo.jpg 1080w, https:\/\/redeentrepares.com\/wp-content\/uploads\/2026\/03\/redeentrepares-team-leonardo-980x980.jpg 980w, https:\/\/redeentrepares.com\/wp-content\/uploads\/2026\/03\/redeentrepares-team-leonardo-480x480.jpg 480w\" sizes=\"(min-width: 0px) and (max-width: 480px) 480px, (min-width: 481px) and (max-width: 980px) 980px, (min-width: 981px) 1080px, 100vw\" class=\"wp-image-229637\" title=\"equipe-\" \/><\/div><div class=\"et_pb_team_member_description\"><h4 class=\"et_pb_module_header\">Leonardo Palmeira<\/h4><p class=\"et_pb_member_position\">Rio de Janeiro \u2013 Brasil<\/p><div class=\"et_pb_team_member_description_content\"><p class=\"p1\">Faculdade de Medicina na Universidade Federal do Rio de Janeiro (UFRJ). Psiquiatria pelo Minist\u00e9rio da Sa\u00fade (Instituto Philippe Pinel-RJ). Mestrado em Psiquiatria pelo Instituto de Psiquiatria da UFRJ. Doutorando do Instituto de Psiquiatria da UFRJ. Participante da equipe t\u00e9cnica do Programa Entrela\u00e7os (IPUB-UFRJ) desde 2011. Tem experi\u00eancia na \u00e1rea de Psiquiatria, atuando nos seguintes temas: psiquiatria comunit\u00e1ria, psicoeduca\u00e7\u00e3o de fam\u00edlia, reabilita\u00e7\u00e3o psiqui\u00e1trica, educa\u00e7\u00e3o em sa\u00fade. Editor do portal Entendendo a Esquizofrenia e autor do livro \u201cEntendendo a Esquizofrenia: como a fam\u00edlia pode ajudar no tratamento?\u201d.<\/p>\n<p><i class=\"fa-solid fa-up-right-from-square my-fa\"><\/i><strong>Lattes:<\/strong> <a href=\"https:\/\/lattes.cnpq.br\/5211646958504253\" target=\"_blank\" \/>https:\/\/lattes.cnpq.br\/5211646958504253<\/a><\/p>\n<\/div><\/div><\/div>\n<\/div>\n<\/div>\n\n<div class=\"et_pb_row_2 et_pb_row et_flex_row\">\n<div class=\"et_pb_column_2 et_pb_column et-last-child et_flex_column et_pb_css_mix_blend_mode_passthrough et_flex_column_24_24 et_flex_column_24_24_tablet et_flex_column_24_24_phone\">\n<div class=\"et_pb_team_member_1 et_pb_team_member et_pb_bg_layout_light et_pb_module et_flex_module\"><div class=\"et_pb_team_member_image et-waypoint et_pb_animation_off\"><img loading=\"lazy\" decoding=\"async\" src=\"https:\/\/redeentrepares.com\/wp-content\/uploads\/2026\/03\/redeentrepares-team-dirceu-mabunda.jpg\" alt=\"Dirceu Henrique Paulo Mabunda\" width=\"1080\" height=\"1080\" srcset=\"https:\/\/redeentrepares.com\/wp-content\/uploads\/2026\/03\/redeentrepares-team-dirceu-mabunda.jpg 1080w, https:\/\/redeentrepares.com\/wp-content\/uploads\/2026\/03\/redeentrepares-team-dirceu-mabunda-980x980.jpg 980w, https:\/\/redeentrepares.com\/wp-content\/uploads\/2026\/03\/redeentrepares-team-dirceu-mabunda-480x480.jpg 480w\" sizes=\"(min-width: 0px) and (max-width: 480px) 480px, (min-width: 481px) and (max-width: 980px) 980px, (min-width: 981px) 1080px, 100vw\" class=\"wp-image-229633\" title=\"redeentrepares-team-dirceu-mabunda\" \/><\/div><div class=\"et_pb_team_member_description\"><h4 class=\"et_pb_module_header\">Dirceu Henrique Paulo Mabunda<\/h4><p class=\"et_pb_member_position\">Maputo \u2013 Mo\u00e7ambique<\/p><div class=\"et_pb_team_member_description_content\"><p class=\"p1\">M\u00e9dico Psiquiatra (2016) e Psiquiatra Forense (2024). Chefe do Servi\u00e7o de Psiquiatria e Sa\u00fade Mental do Hospital Geral de Mavalane. Doutorado em Psiquiatria e Psicologia M\u00e9dica pela Universidade Federal de S\u00e3o Paulo- Brasil (2022). Mestrado em Neuroci\u00eancias pela Universidade do Minho- Portugal (2014). Licenciado em Medicina Geral, pela Faculdade de Medicina da Universidade Eduardo Mondlane (2008). Presidente do Conselho Nacional para os Col\u00e9gios de Especialidades M\u00e9dicas da Ordem dos M\u00e9dicos de Mo\u00e7ambique.<\/p>\n<p>\u00c1reas de interesse: Dem\u00eancias; Ci\u00eancias Forenses; Psicoses; Sa\u00fade Mental Global; Pesquisa de Implementa\u00e7\u00e3o em Sa\u00fade Mental; Adi\u00e7\u00e3o; Sa\u00fade Mental no local de trabalho.<\/p>\n<p><i class=\"fa-solid fa-up-right-from-square my-fa\"><\/i><strong>Lattes:<\/strong> <a href=\"https:\/\/lattes.cnpq.br\/5211646958504253\" target=\"_blank\" \/>https:\/\/lattes.cnpq.br\/6508265698847415<\/a><\/p>\n<\/div><\/div><\/div>\n<\/div>\n<\/div>\n\n<div class=\"et_pb_row_3 et_pb_row et_flex_row\">\n<div class=\"et_pb_column_3 et_pb_column et-last-child et_flex_column et_pb_css_mix_blend_mode_passthrough et_flex_column_24_24 et_flex_column_24_24_tablet et_flex_column_24_24_phone\">\n<div class=\"et_pb_text_1 et_pb_text et_pb_bg_layout_light et_pb_module et_flex_module\"><div class=\"et_pb_text_inner\"><h3>Investigadoras Acad\u00e9micas \/\/ Supervisoras:<\/h3>\n<\/div><\/div>\n<\/div>\n<\/div>\n\n<div class=\"et_pb_row_4 et_pb_row et_flex_row\">\n<div class=\"et_pb_column_4 et_pb_column et-last-child et_flex_column et_pb_css_mix_blend_mode_passthrough et_flex_column_24_24 et_flex_column_24_24_tablet et_flex_column_24_24_phone\">\n<div class=\"et_pb_team_member_2 et_pb_team_member et_pb_bg_layout_light et_pb_module et_flex_module\"><div class=\"et_pb_team_member_image et-waypoint et_pb_animation_off\"><img loading=\"lazy\" decoding=\"async\" src=\"https:\/\/redeentrepares.com\/wp-content\/uploads\/2026\/03\/redeentrepares-team-maria.jpg\" alt=\"Maria Tavares Cavalcanti\" width=\"1080\" height=\"1080\" srcset=\"https:\/\/redeentrepares.com\/wp-content\/uploads\/2026\/03\/redeentrepares-team-maria.jpg 1080w, https:\/\/redeentrepares.com\/wp-content\/uploads\/2026\/03\/redeentrepares-team-maria-980x980.jpg 980w, https:\/\/redeentrepares.com\/wp-content\/uploads\/2026\/03\/redeentrepares-team-maria-480x480.jpg 480w\" sizes=\"(min-width: 0px) and (max-width: 480px) 480px, (min-width: 481px) and (max-width: 980px) 980px, (min-width: 981px) 1080px, 100vw\" class=\"wp-image-229638\" title=\"equipe-.afphoto\" \/><\/div><div class=\"et_pb_team_member_description\"><h4 class=\"et_pb_module_header\">Maria Tavares Cavalcanti<\/h4><p class=\"et_pb_member_position\">Rio de Janeiro \u2013 Brasil<\/p><div class=\"et_pb_team_member_description_content\"><p>Faculdade de Medicina na Universidade Estadual do Rio de Janeiro (UERJ). Mestrado em Psiquiatria, Psican\u00e1lise e Sa\u00fade Mental pela UFRJ. Doutorado em Psiquiatria, Psican\u00e1lise e Sa\u00fade Mental pela UFRJ. P\u00f3s-doutorado na \u00e1rea de epidemiologia psiqui\u00e1trica na Universidade de Columbia, Nova York. Professora titular do Departamento de Psiquiatria e Medicina Legal da Faculdade de Medicina da UFRJ. Diretora do Instituto de Psiquiatria da UFRJ de 2010-2018. Tem experi\u00eancia na \u00e1rea de Medicina, com \u00eanfase em Psiquiatria, atuando principalmente nos seguintes temas: sa\u00fade mental, doen\u00e7a mental, psicose e desinstitucionaliza\u00e7\u00e3o.<\/p>\n<p>Desde 2015 coordena o internato de medicina em sa\u00fade mental da UFRJ, no qual junto com colegas vem construindo uma proposta inovadora de integra\u00e7\u00e3o entre o Internato de Sa\u00fade Mental e o de Medicina de Fam\u00edlia e Comunidade, apostando na forma\u00e7\u00e3o do m\u00e9dico generalista em sa\u00fade mental a partir da aten\u00e7\u00e3o prim\u00e1ria \u00e0 sa\u00fade.<\/p>\n<p>Dentro da necessidade de forma\u00e7\u00e3o especializada para a gest\u00e3o do Instituto de Psiquiatria da UFRJ (dire\u00e7\u00e3o) concluiu curso de especializa\u00e7\u00e3o em controladoria e gest\u00e3o p\u00fablica da FACC UFRJ em 2012. Concluiu tamb\u00e9m curso de especializa\u00e7\u00e3o em Medicina de Fam\u00edlia em Comunidade em 2022.<\/p>\n<p><i class=\"fa-solid fa-up-right-from-square my-fa\"><\/i><strong>Lattes:<\/strong> <a href=\"https:\/\/lattes.cnpq.br\/5211646958504253\" target=\"_blank\" \/>https:\/\/lattes.cnpq.br\/2016528267101032<\/a><\/p>\n<\/div><\/div><\/div>\n<\/div>\n<\/div>\n\n<div class=\"et_pb_row_5 et_pb_row et_flex_row\">\n<div class=\"et_pb_column_5 et_pb_column et-last-child et_flex_column et_pb_css_mix_blend_mode_passthrough et_flex_column_24_24 et_flex_column_24_24_tablet et_flex_column_24_24_phone\">\n<div class=\"et_pb_team_member_3 et_pb_team_member et_pb_bg_layout_light et_pb_module et_flex_module\"><div class=\"et_pb_team_member_image et-waypoint et_pb_animation_off\"><img loading=\"lazy\" decoding=\"async\" src=\"https:\/\/redeentrepares.com\/wp-content\/uploads\/2026\/03\/redeentrepares-team-natalia.jpg\" alt=\"Nat\u00e1lia Bezerra Mota\" width=\"1080\" height=\"1080\" srcset=\"https:\/\/redeentrepares.com\/wp-content\/uploads\/2026\/03\/redeentrepares-team-natalia.jpg 1080w, https:\/\/redeentrepares.com\/wp-content\/uploads\/2026\/03\/redeentrepares-team-natalia-980x980.jpg 980w, https:\/\/redeentrepares.com\/wp-content\/uploads\/2026\/03\/redeentrepares-team-natalia-480x480.jpg 480w\" sizes=\"(min-width: 0px) and (max-width: 480px) 480px, (min-width: 481px) and (max-width: 980px) 980px, (min-width: 981px) 1080px, 100vw\" class=\"wp-image-229690\" title=\"equipe-.afphoto\" \/><\/div><div class=\"et_pb_team_member_description\"><h4 class=\"et_pb_module_header\">Nat\u00e1lia Bezerra Mota<\/h4><p class=\"et_pb_member_position\">Rio de Janeiro \u2013 Brasil<\/p><div class=\"et_pb_team_member_description_content\"><p>Faculdade de Medicina na Universidade Federal do Rio Grande do Norte (UFRN). Mestrado em Neuroci\u00eancias pelo Programa de Neuroci\u00eancias da UFRN. Doutorado em Neuroci\u00eancias pelo Programa de Neuroci\u00eancias da UFRN. P\u00f3s-doutorado no mesmo programa. P\u00f3s-doutorado pelo Departamento de F\u00edsica Universidade Federal de Pernambuco (UFPE). Atua nos seguinte temas: linguagem, grafos, diagn\u00f3stico, desenvolvimento cognitivo, esquizofrenia, sonho, EEG.<\/p>\n<p>Desenvolve estrat\u00e9gias computacionais para identificar sinais de sofrimento mental na fala, para educa\u00e7\u00e3o formal no desenvolvimento cognitivo de crian\u00e7as na escola, al\u00e9m de estudar computacionalmente relatos de sonhos e correlatos neurais associados com o processamento de mem\u00f3rias afetivas no in\u00edcio do sono.<\/p>\n<p><i class=\"fa-solid fa-up-right-from-square my-fa\"><\/i><strong>Lattes:<\/strong> <a href=\"https:\/\/lattes.cnpq.br\/5211646958504253\" target=\"_blank\" \/>https:\/\/lattes.cnpq.br\/0218733015647416<\/a><\/p>\n<\/div><\/div><\/div>\n<\/div>\n<\/div>\n\n<div class=\"et_pb_row_6 et_pb_row et_flex_row\">\n<div class=\"et_pb_column_6 et_pb_column et-last-child et_flex_column et_pb_css_mix_blend_mode_passthrough et_flex_column_24_24 et_flex_column_24_24_tablet et_flex_column_24_24_phone\">\n<div class=\"et_pb_text_2 et_pb_text et_pb_bg_layout_light et_pb_module et_flex_module\"><div class=\"et_pb_text_inner\"><h3>Investigadores Acad\u00e9micos \/\/ Assistentes:<\/h3>\n<\/div><\/div>\n<\/div>\n<\/div>\n\n<div class=\"et_pb_row_7 et_pb_row et_flex_row\">\n<div class=\"et_pb_column_7 et_pb_column et-last-child et_flex_column et_pb_css_mix_blend_mode_passthrough et_flex_column_24_24 et_flex_column_24_24_tablet et_flex_column_24_24_phone\">\n<div class=\"et_pb_team_member_4 et_pb_team_member et_pb_bg_layout_light et_pb_module et_flex_module\"><div class=\"et_pb_team_member_image et-waypoint et_pb_animation_off\"><img loading=\"lazy\" decoding=\"async\" src=\"https:\/\/redeentrepares.com\/wp-content\/uploads\/2026\/03\/redeentrepares-team-alexandre.jpg\" alt=\"Alexandre Lins Keusen\" width=\"1080\" height=\"1080\" srcset=\"https:\/\/redeentrepares.com\/wp-content\/uploads\/2026\/03\/redeentrepares-team-alexandre.jpg 1080w, https:\/\/redeentrepares.com\/wp-content\/uploads\/2026\/03\/redeentrepares-team-alexandre-980x980.jpg 980w, https:\/\/redeentrepares.com\/wp-content\/uploads\/2026\/03\/redeentrepares-team-alexandre-480x480.jpg 480w\" sizes=\"(min-width: 0px) and (max-width: 480px) 480px, (min-width: 481px) and (max-width: 980px) 980px, (min-width: 981px) 1080px, 100vw\" class=\"wp-image-229632\" title=\"equipe-\" \/><\/div><div class=\"et_pb_team_member_description\"><h4 class=\"et_pb_module_header\">Alexandre Lins Keusen<\/h4><p class=\"et_pb_member_position\">Rio de Janeiro \u2013 Brasil<\/p><div class=\"et_pb_team_member_description_content\"><p>Faculdade de Medicina na UNIRIO. Especializa\u00e7\u00e3o em Terapia de Familia. Mestrado e Doutorado no Instituto de Psiquiatria da UFRJ. Profissionalmente atuou de 1981 a 1987 como psiquiatra do Hospital Pinel, sendo num per\u00edodo Coordenador da Resid\u00eancia M\u00e9dica. Em 1987 foi transferido para a Col\u00f4nia Juliano Moreira, no Hospital Jurandir Mandredini e, a seguir, no setor de Planejamento, coordenando um projeto de reforma psiqui\u00e1trica. De 1989 a 2007 foi Diretor do Centro Psiqui\u00e1trico do Rio de Janeiro.<\/p>\n<p>Desde 2008 coordena o Setor de Terapia de Fam\u00edlia do Instituto de Psiquiatria da UFRJ e desde 2011 coordena o Programa Entrela\u00e7os.<\/p>\n<p><i class=\"fa-solid fa-up-right-from-square my-fa\"><\/i><strong>Lattes:<\/strong> <a href=\"https:\/\/lattes.cnpq.br\/5211646958504253\" target=\"_blank\" \/>https:\/\/lattes.cnpq.br\/8522446102146353<\/a><\/p>\n<\/div><\/div><\/div>\n<\/div>\n<\/div>\n\n<div class=\"et_pb_row_8 et_pb_row et_flex_row\">\n<div class=\"et_pb_column_8 et_pb_column et-last-child et_flex_column et_pb_css_mix_blend_mode_passthrough et_flex_column_24_24 et_flex_column_24_24_tablet et_flex_column_24_24_phone\">\n<div class=\"et_pb_team_member_5 et_pb_team_member et_pb_bg_layout_light et_pb_module et_flex_module\"><div class=\"et_pb_team_member_image et-waypoint et_pb_animation_off\"><img loading=\"lazy\" decoding=\"async\" src=\"https:\/\/redeentrepares.com\/wp-content\/uploads\/2026\/03\/redeentrepares-team-elias.jpg\" alt=\"Elias Carim Neto\" width=\"1080\" height=\"1080\" srcset=\"https:\/\/redeentrepares.com\/wp-content\/uploads\/2026\/03\/redeentrepares-team-elias.jpg 1080w, https:\/\/redeentrepares.com\/wp-content\/uploads\/2026\/03\/redeentrepares-team-elias-980x980.jpg 980w, https:\/\/redeentrepares.com\/wp-content\/uploads\/2026\/03\/redeentrepares-team-elias-480x480.jpg 480w\" sizes=\"(min-width: 0px) and (max-width: 480px) 480px, (min-width: 481px) and (max-width: 980px) 980px, (min-width: 981px) 1080px, 100vw\" class=\"wp-image-229634\" title=\"equipe-\" \/><\/div><div class=\"et_pb_team_member_description\"><h4 class=\"et_pb_module_header\">Elias Carim Neto<\/h4><p class=\"et_pb_member_position\">Rio de Janeiro \u2013 Brasil<\/p><div class=\"et_pb_team_member_description_content\"><p>Gradua\u00e7\u00e3o em Medicina pela Universidade Federal do Rio de Janeiro. P\u00f3s-gradua\u00e7\u00e3o em Psiquiatria pela Universidade do Estado do Rio de Janeiro, em Forma\u00e7\u00e3o de Trabalhadores dos CAPS do Estado do Rio de Janeiro pela Universidade Federal do Rio de Janeiro, em Reabilita\u00e7\u00e3o Psicossocial pela Secretaria Municipal de Sa\u00fade do Rio de Janeiro. Coordena\u00e7\u00e3o do Hospital-dia Harmonia do Centro Psiqui\u00e1trico Rio de Janeiro \u2013 Secretaria de Estado de Sa\u00fade do Rio de Janeiro (1998 a 2015). Coordenador Tripartite (CPRJ\/IPUB\/Funda\u00e7\u00e3o Le\u00e3o XIII) do Programa de Aten\u00e7\u00e3o Psicossocial \u00e0 popula\u00e7\u00e3o em situa\u00e7\u00e3o de rua portadora de transtornos mentais severos (2000-2015).<\/p>\n<p>Participante da equipe t\u00e9cnica do Programa Entrela\u00e7os desde 2016.<\/p>\n<p><i class=\"fa-solid fa-up-right-from-square my-fa\"><\/i><strong>Lattes:<\/strong> <a href=\"https:\/\/lattes.cnpq.br\/5211646958504253\" target=\"_blank\" \/>https:\/\/lattes.cnpq.br\/8587880500104862<\/a><\/p>\n<\/div><\/div><\/div>\n<\/div>\n<\/div>\n\n<div class=\"et_pb_row_9 et_pb_row et_flex_row\">\n<div class=\"et_pb_column_9 et_pb_column et-last-child et_flex_column et_pb_css_mix_blend_mode_passthrough et_flex_column_24_24 et_flex_column_24_24_tablet et_flex_column_24_24_phone\">\n<div class=\"et_pb_team_member_6 et_pb_team_member et_pb_bg_layout_light et_pb_module et_flex_module\"><div class=\"et_pb_team_member_image et-waypoint et_pb_animation_off\"><img loading=\"lazy\" decoding=\"async\" src=\"https:\/\/redeentrepares.com\/wp-content\/uploads\/2026\/03\/redeentrepares-team-rita.jpg\" alt=\"Rita de Cassia Ribeiro\" width=\"1080\" height=\"1080\" srcset=\"https:\/\/redeentrepares.com\/wp-content\/uploads\/2026\/03\/redeentrepares-team-rita.jpg 1080w, https:\/\/redeentrepares.com\/wp-content\/uploads\/2026\/03\/redeentrepares-team-rita-980x980.jpg 980w, https:\/\/redeentrepares.com\/wp-content\/uploads\/2026\/03\/redeentrepares-team-rita-480x480.jpg 480w\" sizes=\"(min-width: 0px) and (max-width: 480px) 480px, (min-width: 481px) and (max-width: 980px) 980px, (min-width: 981px) 1080px, 100vw\" class=\"wp-image-229640\" title=\"equipe-\" \/><\/div><div class=\"et_pb_team_member_description\"><h4 class=\"et_pb_module_header\">Rita de Cassia Ribeiro<\/h4><p class=\"et_pb_member_position\">Rio de Janeiro \u2013 Brasil<\/p><div class=\"et_pb_team_member_description_content\"><p class=\"p1\">Gradua\u00e7\u00e3o em Psicologia pela Universidade Santa \u00darsula; Forma\u00e7\u00e3o em Psicodrama pela Sociedade Moreniana. P\u00f3s-gradua\u00e7\u00e3o em Terapia de Fam\u00edlia \u2013 IPUB\/UFRJ. Forma\u00e7\u00e3o em Terapia Narrativa e Trabalhos Comunit\u00e1rios - Associa\u00e7\u00e3o Reciclando.<\/p>\n<p>Participante da equipe t\u00e9cnica do Programa Entrela\u00e7os desde 2017.<\/p>\n<\/div><\/div><\/div>\n<\/div>\n<\/div>\n\n<div class=\"et_pb_row_10 et_pb_row et_flex_row\">\n<div class=\"et_pb_column_10 et_pb_column et-last-child et_flex_column et_pb_css_mix_blend_mode_passthrough et_flex_column_24_24 et_flex_column_24_24_tablet et_flex_column_24_24_phone\">\n<div class=\"et_pb_team_member_7 et_pb_team_member et_pb_bg_layout_light et_pb_module et_flex_module\"><div class=\"et_pb_team_member_image et-waypoint et_pb_animation_off\"><img loading=\"lazy\" decoding=\"async\" src=\"https:\/\/redeentrepares.com\/wp-content\/uploads\/2026\/03\/redeentrepares-team-olga.jpg\" alt=\"Olga Le\u00e3o\" width=\"1080\" height=\"1080\" srcset=\"https:\/\/redeentrepares.com\/wp-content\/uploads\/2026\/03\/redeentrepares-team-olga.jpg 1080w, https:\/\/redeentrepares.com\/wp-content\/uploads\/2026\/03\/redeentrepares-team-olga-980x980.jpg 980w, https:\/\/redeentrepares.com\/wp-content\/uploads\/2026\/03\/redeentrepares-team-olga-480x480.jpg 480w\" sizes=\"(min-width: 0px) and (max-width: 480px) 480px, (min-width: 481px) and (max-width: 980px) 980px, (min-width: 981px) 1080px, 100vw\" class=\"wp-image-229639\" title=\"equipe-\" \/><\/div><div class=\"et_pb_team_member_description\"><h4 class=\"et_pb_module_header\">Olga Le\u00e3o<\/h4><p class=\"et_pb_member_position\">Rio de Janeiro \u2013 Brasil<\/p><div class=\"et_pb_team_member_description_content\"><p>Gradua\u00e7\u00e3o em Psicologia na Universidade Estadual de Londrina\/PR. Especializa\u00e7\u00e3o em Psicodrama - Associa\u00e7\u00e3o Brasileira de Psicodrama e Sociodrama \u2013 ABPS. MBE \u2013 Responsabilidade Social e Terceiro Setor \u2013 Universidade Federal do Rio de Janeiro. P\u00f3s-gradua\u00e7\u00e3o em Terapia de Casal e Fam\u00edlia \u2013 Delphos Espa\u00e7o Psico-Social.<\/p>\n<p>Participa da equipe t\u00e9cnica do Programa Entrela\u00e7os desde 2015.<\/p>\n<p><i class=\"fa-solid fa-up-right-from-square my-fa\"><\/i><strong>Lattes:<\/strong> <a href=\"https:\/\/lattes.cnpq.br\/5211646958504253\" target=\"_blank\" \/>https:\/\/lattes.cnpq.br\/4058474303445809<\/a><\/p>\n<\/div><\/div><\/div>\n<\/div>\n<\/div>\n\n<div class=\"et_pb_row_11 et_pb_row et_flex_row\">\n<div class=\"et_pb_column_11 et_pb_column et-last-child et_flex_column et_pb_css_mix_blend_mode_passthrough et_flex_column_24_24 et_flex_column_24_24_tablet et_flex_column_24_24_phone\">\n<div class=\"et_pb_team_member_8 et_pb_team_member et_pb_bg_layout_light et_pb_module et_flex_module\"><div class=\"et_pb_team_member_image et-waypoint et_pb_animation_off\"><img loading=\"lazy\" decoding=\"async\" src=\"https:\/\/redeentrepares.com\/wp-content\/uploads\/2026\/03\/redeentrepares-team-silvana.jpg\" alt=\"Silvana Barreto\" width=\"1080\" height=\"1080\" srcset=\"https:\/\/redeentrepares.com\/wp-content\/uploads\/2026\/03\/redeentrepares-team-silvana.jpg 1080w, https:\/\/redeentrepares.com\/wp-content\/uploads\/2026\/03\/redeentrepares-team-silvana-980x980.jpg 980w, https:\/\/redeentrepares.com\/wp-content\/uploads\/2026\/03\/redeentrepares-team-silvana-480x480.jpg 480w\" sizes=\"(min-width: 0px) and (max-width: 480px) 480px, (min-width: 481px) and (max-width: 980px) 980px, (min-width: 981px) 1080px, 100vw\" class=\"wp-image-229641\" title=\"equipe-\" \/><\/div><div class=\"et_pb_team_member_description\"><h4 class=\"et_pb_module_header\">Silvana Barreto<\/h4><p class=\"et_pb_member_position\">Rio de Janeiro \u2013 Brasil<\/p><div class=\"et_pb_team_member_description_content\"><p>Gradua\u00e7\u00e3o em Enfermagem pela Universidade Federal de S\u00e3o Paulo (USP). Enfermeira do SUS desde 1999, com experi\u00eancia na Aten\u00e7\u00e3o \u00e0 Sa\u00fade em Doen\u00e7as Cr\u00f4nicas N\u00e3o Transmiss\u00edveis, Aten\u00e7\u00e3o Prim\u00e1ria, Aten\u00e7\u00e3o Secund\u00e1ria, Alta Complexidade e Educa\u00e7\u00e3o Permanente. Mestranda em Sa\u00fade P\u00fablica pela ENSP\/FIOCRUZ.<\/p>\n<p>Participa da equipe t\u00e9cnica do Programa Entrela\u00e7os desde 2016.<\/p>\n<\/div><\/div><\/div>\n<\/div>\n<\/div>\n\n<div class=\"et_pb_row_12 et_pb_row et_flex_row\">\n<div class=\"et_pb_column_12 et_pb_column et-last-child et_flex_column et_pb_css_mix_blend_mode_passthrough et_flex_column_24_24 et_flex_column_24_24_tablet et_flex_column_24_24_phone\">\n<div class=\"et_pb_team_member_9 et_pb_team_member et_pb_bg_layout_light et_pb_module et_flex_module\"><div class=\"et_pb_team_member_image et-waypoint et_pb_animation_off\"><img loading=\"lazy\" decoding=\"async\" src=\"https:\/\/redeentrepares.com\/wp-content\/uploads\/2026\/03\/redeentrepares-team-lucia.jpg\" alt=\"L\u00facia Francisco Mahota\" width=\"1080\" height=\"1080\" srcset=\"https:\/\/redeentrepares.com\/wp-content\/uploads\/2026\/03\/redeentrepares-team-lucia.jpg 1080w, https:\/\/redeentrepares.com\/wp-content\/uploads\/2026\/03\/redeentrepares-team-lucia-980x980.jpg 980w, https:\/\/redeentrepares.com\/wp-content\/uploads\/2026\/03\/redeentrepares-team-lucia-480x480.jpg 480w\" sizes=\"(min-width: 0px) and (max-width: 480px) 480px, (min-width: 481px) and (max-width: 980px) 980px, (min-width: 981px) 1080px, 100vw\" class=\"wp-image-229692\" title=\"equipe-.afphoto\" \/><\/div><div class=\"et_pb_team_member_description\"><h4 class=\"et_pb_module_header\">L\u00facia Francisco Mahota<\/h4><p class=\"et_pb_member_position\">Maputo \u2013 Mo\u00e7ambique<\/p><div class=\"et_pb_team_member_description_content\"><p class=\"translation-block\">M\u00e9dica Psiquiatra licenciada em medicina geral pela Faculdade de Medicina da Universidade Eduardo Mondlane (2014) em <span>Maputo \u2013 Mo\u00e7ambique<\/span>.<\/p>\n<p>\u00c1reas de interesse: Psicoses, adi\u00e7\u00e3o e pesquisas de implementa\u00e7\u00e3o em sa\u00fade mental.<\/p>\n<\/div><\/div><\/div>\n<\/div>\n<\/div>\n\n<div class=\"et_pb_row_13 et_pb_row et_flex_row\">\n<div class=\"et_pb_column_13 et_pb_column et-last-child et_flex_column et_pb_css_mix_blend_mode_passthrough et_flex_column_24_24 et_flex_column_24_24_tablet et_flex_column_24_24_phone\">\n<div class=\"et_pb_text_3 et_pb_text et_pb_bg_layout_light et_pb_module et_flex_module\"><div class=\"et_pb_text_inner\"><h3>Investigadores Comunit\u00e1rios<\/h3>\n<p>Em breve!<\/p>\n<\/div><\/div>\n<\/div>\n<\/div>\n<\/div>","protected":false},"excerpt":{"rendered":"","protected":false},"author":1,"featured_media":229644,"parent":0,"menu_order":0,"comment_status":"closed","ping_status":"closed","template":"","meta":{"footnotes":""},"class_list":["post-229226","page","type-page","status-publish","has-post-thumbnail","hentry","page_category-content"],"_links":{"self":[{"href":"https:\/\/redeentrepares.com\/pt_mz\/wp-json\/wp\/v2\/pages\/229226","targetHints":{"allow":["GET"]}}],"collection":[{"href":"https:\/\/redeentrepares.com\/pt_mz\/wp-json\/wp\/v2\/pages"}],"about":[{"href":"https:\/\/redeentrepares.com\/pt_mz\/wp-json\/wp\/v2\/types\/page"}],"author":[{"embeddable":true,"href":"https:\/\/redeentrepares.com\/pt_mz\/wp-json\/wp\/v2\/users\/1"}],"replies":[{"embeddable":true,"href":"https:\/\/redeentrepares.com\/pt_mz\/wp-json\/wp\/v2\/comments?post=229226"}],"version-history":[{"count":1,"href":"https:\/\/redeentrepares.com\/pt_mz\/wp-json\/wp\/v2\/pages\/229226\/revisions"}],"predecessor-version":[{"id":230187,"href":"https:\/\/redeentrepares.com\/pt_mz\/wp-json\/wp\/v2\/pages\/229226\/revisions\/230187"}],"wp:featuredmedia":[{"embeddable":true,"href":"https:\/\/redeentrepares.com\/pt_mz\/wp-json\/wp\/v2\/media\/229644"}],"wp:attachment":[{"href":"https:\/\/redeentrepares.com\/pt_mz\/wp-json\/wp\/v2\/media?parent=229226"}],"curies":[{"name":"wp","href":"https:\/\/api.w.org\/{rel}","templated":true}]}}