{"id":229224,"date":"2026-03-03T15:33:21","date_gmt":"2026-03-03T18:33:21","guid":{"rendered":"http:\/\/divi-5-playground.local\/?page_id=229224"},"modified":"2026-04-15T00:52:44","modified_gmt":"2026-04-15T03:52:44","slug":"brochura","status":"publish","type":"page","link":"https:\/\/redeentrepares.com\/pt_mz\/sobre-o-projeto\/brochura\/","title":{"rendered":"Brochura"},"content":{"rendered":"<p>Aqui encontra a brochura da investiga\u00e7\u00e3o, com os fundamentos te\u00f3ricos e metodol\u00f3gicos, submetida aos Comit\u00e9s de \u00c9tica das institui\u00e7\u00f5es universit\u00e1rias de investiga\u00e7\u00e3o e Conselho Municipal. <\/p>\n<hr class=\"my-custom-hr\" \/>\n<div class=\"_df_thumb\" id=\"df_229465\"  _slug=\"brochura-rede-entrepares\" data-title=\"brochura-rede-entrepares\" wpoptions=\"true\" thumbtype=\"\" >Brochura &#8211; Rede Entrepares<\/div><script class=\"df-shortcode-script\" nowprocket type=\"application\/javascript\">window.option_df_229465 = {\"outline\":[],\"backgroundColor\":\"#f7f7f7\",\"autoEnableOutline\":\"false\",\"autoEnableThumbnail\":\"false\",\"overwritePDFOutline\":\"false\",\"direction\":\"1\",\"pageSize\":\"0\",\"source\":\"https:\\\/\\\/redeentrepares.com\\\/wp-content\\\/uploads\\\/2026\\\/03\\\/brochura-do-projeto-formacao-brasil-mocambique.pdf\",\"wpOptions\":\"true\"}; if(window.DFLIP && window.DFLIP.parseBooks){window.DFLIP.parseBooks();}<\/script> <div class=\"_df_thumb\" id=\"df_229684\"  _slug=\"brochura-rede-entrepares-rio-de-janeiro\" data-title=\"brochura-rede-entrepares-rio-de-janeiro\" wpoptions=\"true\" thumbtype=\"\" >Brochura \u2013 Rede Entrepares (Rio de Janeiro)<\/div><script class=\"df-shortcode-script\" nowprocket type=\"application\/javascript\">window.option_df_229684 = {\"outline\":[],\"autoEnableOutline\":\"false\",\"autoEnableThumbnail\":\"false\",\"overwritePDFOutline\":\"false\",\"direction\":\"1\",\"pageSize\":\"0\",\"source\":\"https:\\\/\\\/redeentrepares.com\\\/wp-content\\\/uploads\\\/2026\\\/03\\\/brochura-do-projeto-rio-de-janeiro.pdf\",\"wpOptions\":\"true\"}; if(window.DFLIP && window.DFLIP.parseBooks){window.DFLIP.parseBooks();}<\/script><\/p>","protected":false},"excerpt":{"rendered":"<p>Aqui encontra a brochura da investiga\u00e7\u00e3o, com os fundamentos te\u00f3ricos e metodol\u00f3gicos, submetida aos Comit\u00e9s de \u00c9tica das institui\u00e7\u00f5es universit\u00e1rias de investiga\u00e7\u00e3o e Conselho Municipal.<\/p>","protected":false},"author":1,"featured_media":229648,"parent":228829,"menu_order":4,"comment_status":"closed","ping_status":"closed","template":"","meta":{"footnotes":""},"class_list":["post-229224","page","type-page","status-publish","has-post-thumbnail","hentry","page_category-content"],"_links":{"self":[{"href":"https:\/\/redeentrepares.com\/pt_mz\/wp-json\/wp\/v2\/pages\/229224","targetHints":{"allow":["GET"]}}],"collection":[{"href":"https:\/\/redeentrepares.com\/pt_mz\/wp-json\/wp\/v2\/pages"}],"about":[{"href":"https:\/\/redeentrepares.com\/pt_mz\/wp-json\/wp\/v2\/types\/page"}],"author":[{"embeddable":true,"href":"https:\/\/redeentrepares.com\/pt_mz\/wp-json\/wp\/v2\/users\/1"}],"replies":[{"embeddable":true,"href":"https:\/\/redeentrepares.com\/pt_mz\/wp-json\/wp\/v2\/comments?post=229224"}],"version-history":[{"count":1,"href":"https:\/\/redeentrepares.com\/pt_mz\/wp-json\/wp\/v2\/pages\/229224\/revisions"}],"predecessor-version":[{"id":230185,"href":"https:\/\/redeentrepares.com\/pt_mz\/wp-json\/wp\/v2\/pages\/229224\/revisions\/230185"}],"up":[{"embeddable":true,"href":"https:\/\/redeentrepares.com\/pt_mz\/wp-json\/wp\/v2\/pages\/228829"}],"wp:featuredmedia":[{"embeddable":true,"href":"https:\/\/redeentrepares.com\/pt_mz\/wp-json\/wp\/v2\/media\/229648"}],"wp:attachment":[{"href":"https:\/\/redeentrepares.com\/pt_mz\/wp-json\/wp\/v2\/media?parent=229224"}],"curies":[{"name":"wp","href":"https:\/\/api.w.org\/{rel}","templated":true}]}}