{"id":229190,"date":"2026-03-03T13:26:37","date_gmt":"2026-03-03T16:26:37","guid":{"rendered":"http:\/\/divi-5-playground.local\/?page_id=229190"},"modified":"2026-04-15T00:52:20","modified_gmt":"2026-04-15T03:52:20","slug":"quem-pode-participar","status":"publish","type":"page","link":"https:\/\/redeentrepares.com\/pt_mz\/sobre-o-projeto\/quem-pode-participar\/","title":{"rendered":"Quem pode participar?"},"content":{"rendered":"<p class=\"translation-block\">O projecto <strong>Entrepares<\/strong> \u00e9 aberto a diferentes perfis, valorizando tanto o conhecimento t\u00e9cnico como a experi\u00eancia de vida. Abaixo, encontra os crit\u00e9rios necess\u00e1rios para cada grupo:<\/p>\n<h3>Pessoas com Experi\u00eancia de Vida<\/h3>\n<p class=\"translation-block\">S\u00e3o pessoas que possuem a experi\u00eancia de vida com o sofrimento mental e que est\u00e3o a ser cuidadas nos centros de sa\u00fade participantes na investiga\u00e7\u00e3o no <strong>Rio de Janeiro<\/strong> e em <strong>Maputo<\/strong>.<\/p>\n<p><strong>Para participar, deve preencher os seguintes requisitos:<\/strong><\/p>\n<ul>\n<li>Ter experi\u00eancia de vida com a psicose, como diagn\u00f3sticos de esquizofrenia ou de perturba\u00e7\u00e3o esquizoafectiva, por pelo menos 2 anos.<\/li>\n<li>Ter entre 24 e 55 anos.<\/li>\n<li>Possuir escolaridade do ensino b\u00e1sico completo em diante.<\/li>\n<li>Estar em acompanhamento regular, pelo menos mensal, no centro de sa\u00fade participante na investiga\u00e7\u00e3o.<\/li>\n<li>Estar num estado cl\u00ednico est\u00e1vel por no m\u00ednimo 6 meses, seguindo adequadamente o tratamento.<\/li>\n<li>Ter vontade de transformar a sua experi\u00eancia pessoal em conhecimento para ajudar outras pessoas.<\/li>\n<li>Ter disponibilidade para participar nos semin\u00e1rios e encontros em grupos no IPUB (Rio de Janeiro) ou na Universidade Eduardo Mondlane (Maputo) e nas actividades de investiga\u00e7\u00e3o no seu bairro.<\/li>\n<\/ul>\n<hr class=\"my-custom-hr\" \/>\n<h3>Familiares<\/h3>\n<ul>\n<li>Ser familiar pr\u00f3ximo ou cuidador principal de uma pessoa com o perfil descrito acima.<\/li>\n<li>Ter vontade de transformar a sua experi\u00eancia pessoal em conhecimento para ajudar outras pessoas.<\/li>\n<li>Ter disponibilidade para participar nos semin\u00e1rios e encontros em grupos no IPUB - Instituto de Psiquiatria da UFRJ (Rio de Janeiro) ou na Universidade Eduardo Mondlane (Maputo) e nas actividades de investiga\u00e7\u00e3o no seu bairro.<\/li>\n<\/ul>\n<hr class=\"my-custom-hr\" \/>\n<h3>L\u00edderes Comunit\u00e1rios<\/h3>\n<ul>\n<li>Ser um membro activo da comunidade com hist\u00f3rico em associa\u00e7\u00f5es de moradores, colectivos ou projectos sociais.<\/li>\n<li>Ter facilidade de comunica\u00e7\u00e3o com os moradores e interesse em temas de justi\u00e7a social e sa\u00fade p\u00fablica.<\/li>\n<li>Ter disponibilidade para participar nos semin\u00e1rios e encontros em grupos no IPUB (Rio de Janeiro) ou na Universidade Eduardo Mondlane (Maputo) e nas actividades de investiga\u00e7\u00e3o no seu bairro.<\/li>\n<\/ul>\n<hr class=\"my-custom-hr\" \/>\n<h3>Profissionais de Sa\u00fade<\/h3>\n<ul>\n<li>Ter curso t\u00e9cnico ou superior completo na \u00e1rea da sa\u00fade (p.ex. Psicologia, Medicina, Enfermagem, Servi\u00e7o Social, Terapia Ocupacional, etc.).<\/li>\n<li>Trabalhar nas unidades de sa\u00fade participantes no projecto.<\/li>\n<li>Conhecer e ter contacto com a pessoa com experi\u00eancia de vida pelo menos mensalmente.<\/li>\n<li>Ter disponibilidade para participar nos encontros em grupos trial\u00f3gicos (pessoa com experi\u00eancia de vida, familiar\/l\u00edder comunit\u00e1rio e profissional de sa\u00fade) no IPUB (Rio de Janeiro) ou na Universidade Eduardo Mondlane (Maputo) a cada 2 meses.<\/li>\n<\/ul>\n<hr class=\"my-custom-hr\" \/>\n<h3>Observa\u00e7\u00f5es Gerais<\/h3>\n<p class=\"translation-block\"><strong>Participa\u00e7\u00e3o Volunt\u00e1ria:<\/strong> Todos os participantes devem assinar um Termo de Consentimento Livre e Esclarecido para participar na investiga\u00e7\u00e3o.<br><strong>Forma\u00e7\u00e3o Gratuita:<\/strong> O projecto oferece toda a prepara\u00e7\u00e3o te\u00f3rica e pr\u00e1tica necess\u00e1ria para as etapas de investiga\u00e7\u00e3o de campo.<\/p>\n<p class=\"translation-block\">Ainda tem d\u00favidas sobre o seu perfil? Fale com um dos nossos coordenadores de campo ou envie uma mensagem atrav\u00e9s da nossa <a href=\"https:\/\/redeentrepares.com\/pt_mz\/contato\/\" title=\"Entre em contacto\" target=\"_self\">\u00e1rea de contacto<\/a>.<\/p>","protected":false},"excerpt":{"rendered":"<p>O projeto\u00a0Entrepares\u00a0\u00e9 aberto a diferentes perfis, valorizando tanto o conhecimento t\u00e9cnico quanto a experi\u00eancia de vida. Abaixo, voc\u00ea encontra os crit\u00e9rios necess\u00e1rios para cada grupo: Pessoas com Experi\u00eancia de Vida S\u00e3o pessoas que possuem a experi\u00eancia de vida com o sofrimento mental e que est\u00e3o sendo cuidadas nos centros de sa\u00fade participantes da pesquisa no [&hellip;]<\/p>\n","protected":false},"author":1,"featured_media":229643,"parent":228829,"menu_order":1,"comment_status":"closed","ping_status":"closed","template":"","meta":{"footnotes":""},"class_list":["post-229190","page","type-page","status-publish","has-post-thumbnail","hentry","page_category-content"],"_links":{"self":[{"href":"https:\/\/redeentrepares.com\/pt_mz\/wp-json\/wp\/v2\/pages\/229190","targetHints":{"allow":["GET"]}}],"collection":[{"href":"https:\/\/redeentrepares.com\/pt_mz\/wp-json\/wp\/v2\/pages"}],"about":[{"href":"https:\/\/redeentrepares.com\/pt_mz\/wp-json\/wp\/v2\/types\/page"}],"author":[{"embeddable":true,"href":"https:\/\/redeentrepares.com\/pt_mz\/wp-json\/wp\/v2\/users\/1"}],"replies":[{"embeddable":true,"href":"https:\/\/redeentrepares.com\/pt_mz\/wp-json\/wp\/v2\/comments?post=229190"}],"version-history":[{"count":1,"href":"https:\/\/redeentrepares.com\/pt_mz\/wp-json\/wp\/v2\/pages\/229190\/revisions"}],"predecessor-version":[{"id":230182,"href":"https:\/\/redeentrepares.com\/pt_mz\/wp-json\/wp\/v2\/pages\/229190\/revisions\/230182"}],"up":[{"embeddable":true,"href":"https:\/\/redeentrepares.com\/pt_mz\/wp-json\/wp\/v2\/pages\/228829"}],"wp:featuredmedia":[{"embeddable":true,"href":"https:\/\/redeentrepares.com\/pt_mz\/wp-json\/wp\/v2\/media\/229643"}],"wp:attachment":[{"href":"https:\/\/redeentrepares.com\/pt_mz\/wp-json\/wp\/v2\/media?parent=229190"}],"curies":[{"name":"wp","href":"https:\/\/api.w.org\/{rel}","templated":true}]}}