{"id":228829,"date":"2026-03-02T16:21:14","date_gmt":"2026-03-02T16:21:14","guid":{"rendered":"http:\/\/divi-5-playground.local\/?page_id=228829"},"modified":"2026-04-15T15:47:04","modified_gmt":"2026-04-15T18:47:04","slug":"sobre-o-projeto","status":"publish","type":"page","link":"https:\/\/redeentrepares.com\/pt_mz\/sobre-o-projeto\/","title":{"rendered":"Sobre o Projecto"},"content":{"rendered":"<h3>Bem-vindos \u00e0 Rede Entrepares: Ci\u00eancia Popular e Sa\u00fade Mental<\/h3>\n<p class=\"translation-block\">O <strong>Entrepares<\/strong> \u00e9 um projecto de investiga\u00e7\u00e3o-ac\u00e7\u00e3o que nasce da experi\u00eancia de duas d\u00e9cadas do colectivo Entrela\u00e7os (<a href=\"https:\/\/entrelacos-ipub.com.br\/\" target=\"_blank\" rel=\"noopener\" title=\"Website Entrela\u00e7os\">www.entrelacos-ipub.com.br<\/a>). O nosso objectivo \u00e9 formar pessoas a partir das suas experi\u00eancias de vida \u2014 pessoas com experi\u00eancia de vida com o sofrimento mental, familiares e l\u00edderes comunit\u00e1rios \u2014 para actuarem como investigadores e agentes de transforma\u00e7\u00e3o nas suas pr\u00f3prias comunidades.<\/p>\n<hr class=\"my-custom-hr\" \/>\n<h3>Uma parceria do Sul<\/h3>\n<p>Acreditamos que o conhecimento n\u00e3o deve vir apenas do Norte Global ou de uma ci\u00eancia eurocentrada que, por muito tempo, silenciou as vozes do Sul. A parceria entre o Brasil e Mo\u00e7ambique pretende aproximar os continentes da Am\u00e9rica Latina e de \u00c1frica atrav\u00e9s da parceria entre dois pa\u00edses de l\u00edngua portuguesa com um passado colonial \u2013 com realidades muito diferentes, \u00e9 verdade, mas muitos pontos em comum a serem transformados atrav\u00e9s do interc\u00e2mbio que uma ci\u00eancia verdadeiramente popular pode promover.<\/p>\n<p><strong>A nossa investiga\u00e7\u00e3o assume um compromisso pol\u00edtico e \u00e9tico para:<\/strong><\/p>\n<ul>\n<li class=\"translation-block\"><strong>Valorizar a sabedoria ancestral:<\/strong> reconhecer o conhecimento dos povos origin\u00e1rios e da di\u00e1spora africana presentes nas comunidades locais como fundamentais para a sobreviv\u00eancia e o bem-estar ao longo da hist\u00f3ria.<\/li>\n<li class=\"translation-block\"><strong>Enfrentar o racismo e a colonialidade:<\/strong> entender como o passado colonial, o racismo e as desigualdades impactam directamente a sa\u00fade mental das popula\u00e7\u00f5es.<\/li>\n<li class=\"translation-block\"><strong>Unir saberes:<\/strong> somar o conhecimento acad\u00e9mico das universidades ao saber popular de forma horizontal, possibilitando a emerg\u00eancia do que chamamos de \u201cci\u00eancia popular\u201d e despertando a comunidade para um maior activismo pol\u00edtico.<\/li>\n<\/ul>\n<hr class=\"my-custom-hr\" \/>\n<h3>Centros de investiga\u00e7\u00e3o no Brasil e em Mo\u00e7ambique<\/h3>\n<p class=\"translation-block\"><strong>\u2022 No Brasil:<\/strong> escolhemos duas comunidades do Rio de Janeiro, <strong>Rocinha<\/strong> e <strong>Complexo do Alem\u00e3o<\/strong>, para um projecto-piloto de forma\u00e7\u00e3o de investigadores comunit\u00e1rios com experi\u00eancia de vida.<br><strong>\u2022 Em Mo\u00e7ambique:<\/strong> escolhemos o servi\u00e7o de sa\u00fade mental da <strong>Universidade Eduardo Mondlane<\/strong>, que possui experi\u00eancia no atendimento \u00e0s comunidades rurais de Maputo e na for\u00e7a dos agentes comunit\u00e1rios locais.<\/p>\n<hr class=\"my-custom-hr\" \/>\n<h3>Como a investiga\u00e7\u00e3o acontece<\/h3>\n<p><strong>A investiga\u00e7\u00e3o tem a dura\u00e7\u00e3o de 12 meses e est\u00e1 dividida em tr\u00eas etapas principais:<\/strong><\/p>\n<ol>\n<li class=\"translation-block\"><strong>Etapa de Forma\u00e7\u00e3o (8 meses):<\/strong> semin\u00e1rios e grupos de discuss\u00e3o sobre temas cl\u00ednicos, sociais e pol\u00edticos. Inclui encontros trial\u00f3gicos bimestrais que re\u00fanem pessoas com experi\u00eancia de vida, familiares e profissionais de sa\u00fade dos centros comunit\u00e1rios.<\/li>\n<li class=\"translation-block\"><strong>Etapa de Investiga\u00e7\u00e3o de Campo (4 meses):<\/strong> os investigadores comunit\u00e1rios (pessoas com experi\u00eancia de vida, familiares e l\u00edderes comunit\u00e1rios que participaram na primeira etapa) realizam um Diagn\u00f3stico R\u00e1pido Participativo nos seus territ\u00f3rios, utilizando entrevistas com pessoas da comunidade, mapeamento de recursos no territ\u00f3rio e caminhadas comunit\u00e1rias para reflectir sobre os cuidados com a sa\u00fade mental no territ\u00f3rio e propor mudan\u00e7as.<\/li>\n<li class=\"translation-block\"><strong>Etapa de an\u00e1lise dos resultados e divulga\u00e7\u00e3o:<\/strong> os resultados ser\u00e3o analisados e publicados em co-autoria com os investigadores comunit\u00e1rios, garantindo que o conhecimento produzido retorne \u00e0 comunidade. Ser\u00e3o realizados semin\u00e1rios com a comunidade local para divulga\u00e7\u00e3o e participa\u00e7\u00e3o popular.<\/li>\n<\/ol>\n<hr class=\"my-custom-hr\" \/>\n<h3>Acompanhe a Rede Entrepares<\/h3>\n<p>Este espa\u00e7o documenta a nossa jornada atrav\u00e9s de v\u00eddeos, fotos, depoimentos e produ\u00e7\u00f5es colectivas.<\/p>","protected":false},"excerpt":{"rendered":"<p>Bem-vindos \u00e0 Rede Entrepares: Ci\u00eancia Popular e Sa\u00fade Mental O\u00a0Entrepares\u00a0\u00e9 um projeto de pesquisa-a\u00e7\u00e3o que nasce da experi\u00eancia de duas d\u00e9cadas do coletivo Entrela\u00e7os (www.entrelacos-ipub.com.br).\u00a0Nosso objetivo \u00e9 formar pessoas a partir de suas experi\u00eancias de vida \u2014 pessoas com experi\u00eancia de vida com o sofrimento mental, familiares e lideran\u00e7as comunit\u00e1rias \u2014 para atuarem como pesquisadores [&hellip;]<\/p>\n","protected":false},"author":1,"featured_media":229645,"parent":0,"menu_order":1,"comment_status":"closed","ping_status":"closed","template":"","meta":{"footnotes":""},"class_list":["post-228829","page","type-page","status-publish","has-post-thumbnail","hentry","page_category-content"],"_links":{"self":[{"href":"https:\/\/redeentrepares.com\/pt_mz\/wp-json\/wp\/v2\/pages\/228829","targetHints":{"allow":["GET"]}}],"collection":[{"href":"https:\/\/redeentrepares.com\/pt_mz\/wp-json\/wp\/v2\/pages"}],"about":[{"href":"https:\/\/redeentrepares.com\/pt_mz\/wp-json\/wp\/v2\/types\/page"}],"author":[{"embeddable":true,"href":"https:\/\/redeentrepares.com\/pt_mz\/wp-json\/wp\/v2\/users\/1"}],"replies":[{"embeddable":true,"href":"https:\/\/redeentrepares.com\/pt_mz\/wp-json\/wp\/v2\/comments?post=228829"}],"version-history":[{"count":1,"href":"https:\/\/redeentrepares.com\/pt_mz\/wp-json\/wp\/v2\/pages\/228829\/revisions"}],"predecessor-version":[{"id":230180,"href":"https:\/\/redeentrepares.com\/pt_mz\/wp-json\/wp\/v2\/pages\/228829\/revisions\/230180"}],"wp:featuredmedia":[{"embeddable":true,"href":"https:\/\/redeentrepares.com\/pt_mz\/wp-json\/wp\/v2\/media\/229645"}],"wp:attachment":[{"href":"https:\/\/redeentrepares.com\/pt_mz\/wp-json\/wp\/v2\/media?parent=228829"}],"curies":[{"name":"wp","href":"https:\/\/api.w.org\/{rel}","templated":true}]}}