{"id":229226,"date":"2026-03-03T15:34:28","date_gmt":"2026-03-03T18:34:28","guid":{"rendered":"http:\/\/divi-5-playground.local\/?page_id=229226"},"modified":"2026-04-15T15:47:59","modified_gmt":"2026-04-15T18:47:59","slug":"equipe","status":"publish","type":"page","link":"https:\/\/redeentrepares.com\/es\/equipe\/","title":{"rendered":"Equipo"},"content":{"rendered":"<div class=\"et_pb_section_0 et_pb_section et_section_regular et_flex_section\">\n<div class=\"et_pb_row_0 et_pb_row et_flex_row\">\n<div class=\"et_pb_column_0 et_pb_column et-last-child et_flex_column et_pb_css_mix_blend_mode_passthrough et_flex_column_24_24 et_flex_column_24_24_tablet et_flex_column_24_24_phone\">\n<div class=\"et_pb_text_0 et_pb_text et_pb_bg_layout_light et_pb_module et_flex_module\"><div class=\"et_pb_text_inner\"><h3>Investigadores Acad\u00e9micos \/\/ Responsables:<\/h3>\n<\/div><\/div>\n<\/div>\n<\/div>\n\n<div class=\"et_pb_row_1 et_pb_row et_flex_row\">\n<div class=\"et_pb_column_1 et_pb_column et-last-child et_flex_column et_pb_css_mix_blend_mode_passthrough et_flex_column_24_24 et_flex_column_24_24_tablet et_flex_column_24_24_phone\">\n<div class=\"et_pb_team_member_0 et_pb_team_member et_pb_bg_layout_light et_pb_module et_flex_module\"><div class=\"et_pb_team_member_image et-waypoint et_pb_animation_off\"><img loading=\"lazy\" decoding=\"async\" src=\"https:\/\/redeentrepares.com\/wp-content\/uploads\/2026\/03\/redeentrepares-team-leonardo.jpg\" alt=\"Leonardo Palmeira\" width=\"1080\" height=\"1080\" srcset=\"https:\/\/redeentrepares.com\/wp-content\/uploads\/2026\/03\/redeentrepares-team-leonardo.jpg 1080w, https:\/\/redeentrepares.com\/wp-content\/uploads\/2026\/03\/redeentrepares-team-leonardo-980x980.jpg 980w, https:\/\/redeentrepares.com\/wp-content\/uploads\/2026\/03\/redeentrepares-team-leonardo-480x480.jpg 480w\" sizes=\"(min-width: 0px) and (max-width: 480px) 480px, (min-width: 481px) and (max-width: 980px) 980px, (min-width: 981px) 1080px, 100vw\" class=\"wp-image-229637\" title=\"equipo\" \/><\/div><div class=\"et_pb_team_member_description\"><h4 class=\"et_pb_module_header\">Leonardo Palmeira<\/h4><p class=\"et_pb_member_position\">R\u00edo de Janeiro \u2013 Brasil<\/p><div class=\"et_pb_team_member_description_content\"><p class=\"p1\">Facultad de Medicina de la Universidad Federal de R\u00edo de Janeiro (UFRJ). Psiquiatr\u00eda por el Ministerio de Salud (Instituto Philippe Pinel-RJ). Maestr\u00eda en Psiquiatr\u00eda por el Instituto de Psiquiatr\u00eda de la UFRJ. Estudiante de doctorado en el Instituto de Psiquiatr\u00eda de la UFRJ. Participante del equipo t\u00e9cnico del Programa Entrela\u00e7os (IPUB-UFRJ) desde 2011. Tiene experiencia en el \u00e1rea de Psiquiatr\u00eda, actuando en los siguientes temas: psiquiatr\u00eda comunitaria, psicoeducaci\u00f3n familiar, rehabilitaci\u00f3n psiqui\u00e1trica, educaci\u00f3n en salud. Editor del portal Understanding Schizophrenia y autor del libro \u201cUnderstanding Schizophrenia: \u00bfc\u00f3mo puede la familia ayudar con el tratamiento?\u201d.<\/p>\n<p><i class=\"fa-solid fa-up-right-from-square my-fa\"><\/i><strong>Lat\u00e9<\/strong> <a href=\"https:\/\/lattes.cnpq.br\/5211646958504253\" target=\"_blank\" \/>https:\/\/lattes.cnpq.br\/5211646958504253<\/a><\/p>\n<\/div><\/div><\/div>\n<\/div>\n<\/div>\n\n<div class=\"et_pb_row_2 et_pb_row et_flex_row\">\n<div class=\"et_pb_column_2 et_pb_column et-last-child et_flex_column et_pb_css_mix_blend_mode_passthrough et_flex_column_24_24 et_flex_column_24_24_tablet et_flex_column_24_24_phone\">\n<div class=\"et_pb_team_member_1 et_pb_team_member et_pb_bg_layout_light et_pb_module et_flex_module\"><div class=\"et_pb_team_member_image et-waypoint et_pb_animation_off\"><img loading=\"lazy\" decoding=\"async\" src=\"https:\/\/redeentrepares.com\/wp-content\/uploads\/2026\/03\/redeentrepares-team-dirceu-mabunda.jpg\" alt=\"Dirceu Henrique Paulo Mabunda\" width=\"1080\" height=\"1080\" srcset=\"https:\/\/redeentrepares.com\/wp-content\/uploads\/2026\/03\/redeentrepares-team-dirceu-mabunda.jpg 1080w, https:\/\/redeentrepares.com\/wp-content\/uploads\/2026\/03\/redeentrepares-team-dirceu-mabunda-980x980.jpg 980w, https:\/\/redeentrepares.com\/wp-content\/uploads\/2026\/03\/redeentrepares-team-dirceu-mabunda-480x480.jpg 480w\" sizes=\"(min-width: 0px) and (max-width: 480px) 480px, (min-width: 481px) and (max-width: 980px) 980px, (min-width: 981px) 1080px, 100vw\" class=\"wp-image-229633\" title=\"equipo-redeentrepares-dirceu-mabunda\" \/><\/div><div class=\"et_pb_team_member_description\"><h4 class=\"et_pb_module_header\">Dirceu Henrique Paulo Mabunda<\/h4><p class=\"et_pb_member_position\">Maputo \u2013 Mozambique<\/p><div class=\"et_pb_team_member_description_content\"><p class=\"p1\">Psiquiatra (2016) y Psiquiatra Forense (2024). Jefe del Servicio de Psiquiatr\u00eda y Salud Mental del Hospital General de Mavalane. Doctorado en Psiquiatr\u00eda y Psicolog\u00eda M\u00e9dica por la Universidad Federal de S\u00e3o Paulo- Brasil (2022). Maestr\u00eda en Neurociencias por la Universidad de Minho- Portugal (2014). Licenciado en Medicina General, por la Facultad de Medicina de la Universidad Eduardo Mondlane (2008). Presidente del Consejo Nacional de Colegios de Especialidades M\u00e9dicas de la Orden de Doctores de Mozambique.<\/p>\n<p>\u00c1reas de inter\u00e9s: Demencias; Ciencias Forenses; Psicosis; Salud Mental Global; Investigaci\u00f3n sobre la implementaci\u00f3n de la salud mental; Suma; Salud mental en el lugar de trabajo.<\/p>\n<p><i class=\"fa-solid fa-up-right-from-square my-fa\"><\/i><strong>Lat\u00e9<\/strong> <a href=\"https:\/\/lattes.cnpq.br\/5211646958504253\" target=\"_blank\" \/>https:\/\/lattes.cnpq.br\/6508265698847415<\/a><\/p>\n<\/div><\/div><\/div>\n<\/div>\n<\/div>\n\n<div class=\"et_pb_row_3 et_pb_row et_flex_row\">\n<div class=\"et_pb_column_3 et_pb_column et-last-child et_flex_column et_pb_css_mix_blend_mode_passthrough et_flex_column_24_24 et_flex_column_24_24_tablet et_flex_column_24_24_phone\">\n<div class=\"et_pb_text_1 et_pb_text et_pb_bg_layout_light et_pb_module et_flex_module\"><div class=\"et_pb_text_inner\"><h3>Investigadores Acad\u00e9micos \/\/ Supervisores:<\/h3>\n<\/div><\/div>\n<\/div>\n<\/div>\n\n<div class=\"et_pb_row_4 et_pb_row et_flex_row\">\n<div class=\"et_pb_column_4 et_pb_column et-last-child et_flex_column et_pb_css_mix_blend_mode_passthrough et_flex_column_24_24 et_flex_column_24_24_tablet et_flex_column_24_24_phone\">\n<div class=\"et_pb_team_member_2 et_pb_team_member et_pb_bg_layout_light et_pb_module et_flex_module\"><div class=\"et_pb_team_member_image et-waypoint et_pb_animation_off\"><img loading=\"lazy\" decoding=\"async\" src=\"https:\/\/redeentrepares.com\/wp-content\/uploads\/2026\/03\/redeentrepares-team-maria.jpg\" alt=\"Maria Tavares Cavalcanti\" width=\"1080\" height=\"1080\" srcset=\"https:\/\/redeentrepares.com\/wp-content\/uploads\/2026\/03\/redeentrepares-team-maria.jpg 1080w, https:\/\/redeentrepares.com\/wp-content\/uploads\/2026\/03\/redeentrepares-team-maria-980x980.jpg 980w, https:\/\/redeentrepares.com\/wp-content\/uploads\/2026\/03\/redeentrepares-team-maria-480x480.jpg 480w\" sizes=\"(min-width: 0px) and (max-width: 480px) 480px, (min-width: 481px) and (max-width: 980px) 980px, (min-width: 981px) 1080px, 100vw\" class=\"wp-image-229638\" title=\"equipo-.afoto\" \/><\/div><div class=\"et_pb_team_member_description\"><h4 class=\"et_pb_module_header\">Mar\u00eda Tavares Cavalcanti<\/h4><p class=\"et_pb_member_position\">R\u00edo de Janeiro \u2013 Brasil<\/p><div class=\"et_pb_team_member_description_content\"><p>Facultad de Medicina de la Universidad Estatal de R\u00edo de Janeiro (UERJ). Maestr\u00eda en Psiquiatr\u00eda, Psicoan\u00e1lisis y Salud Mental por la UFRJ. Doctor en Psiquiatr\u00eda, Psicoan\u00e1lisis y Salud Mental por la UFRJ. Postdoctorado en el \u00e1rea de epidemiolog\u00eda psiqui\u00e1trica en la Universidad de Columbia, Nueva York. Profesor titular del Departamento de Psiquiatr\u00eda y Medicina Legal de la Facultad de Medicina de la UFRJ. Director del Instituto de Psiquiatr\u00eda de la UFRJ de 2010 a 2018. Tiene experiencia en el \u00e1rea de Medicina, con \u00e9nfasis en Psiquiatr\u00eda, trabajando principalmente en los siguientes temas: salud mental, enfermedad mental, psicosis y desinstitucionalizaci\u00f3n.<\/p>\n<p>Desde 2015 coordina la pasant\u00eda de medicina en salud mental en la UFRJ, donde, junto con colegas, viene construyendo una propuesta innovadora de integraci\u00f3n entre la pasant\u00eda en Salud Mental y la pasant\u00eda en Medicina Familiar y Comunitaria, con foco en la formaci\u00f3n de m\u00e9dicos generales en salud mental desde la atenci\u00f3n primaria de salud.<\/p>\n<p>Debido a la necesidad de formaci\u00f3n especializada para la gesti\u00f3n del Instituto de Psiquiatr\u00eda de la UFRJ (direcci\u00f3n), realiz\u00f3 un curso de especializaci\u00f3n en contralor\u00eda y gesti\u00f3n p\u00fablica en la FACC UFRJ en 2012. Tambi\u00e9n complet\u00f3 un curso de especializaci\u00f3n en Medicina Familiar en la Comunidad en 2022.<\/p>\n<p><i class=\"fa-solid fa-up-right-from-square my-fa\"><\/i><strong>Lat\u00e9<\/strong> <a href=\"https:\/\/lattes.cnpq.br\/5211646958504253\" target=\"_blank\" \/>https:\/\/lattes.cnpq.br\/2016528267101032<\/a><\/p>\n<\/div><\/div><\/div>\n<\/div>\n<\/div>\n\n<div class=\"et_pb_row_5 et_pb_row et_flex_row\">\n<div class=\"et_pb_column_5 et_pb_column et-last-child et_flex_column et_pb_css_mix_blend_mode_passthrough et_flex_column_24_24 et_flex_column_24_24_tablet et_flex_column_24_24_phone\">\n<div class=\"et_pb_team_member_3 et_pb_team_member et_pb_bg_layout_light et_pb_module et_flex_module\"><div class=\"et_pb_team_member_image et-waypoint et_pb_animation_off\"><img loading=\"lazy\" decoding=\"async\" src=\"https:\/\/redeentrepares.com\/wp-content\/uploads\/2026\/03\/redeentrepares-team-natalia.jpg\" alt=\"Nat\u00e1lia Bezerra Mota\" width=\"1080\" height=\"1080\" srcset=\"https:\/\/redeentrepares.com\/wp-content\/uploads\/2026\/03\/redeentrepares-team-natalia.jpg 1080w, https:\/\/redeentrepares.com\/wp-content\/uploads\/2026\/03\/redeentrepares-team-natalia-980x980.jpg 980w, https:\/\/redeentrepares.com\/wp-content\/uploads\/2026\/03\/redeentrepares-team-natalia-480x480.jpg 480w\" sizes=\"(min-width: 0px) and (max-width: 480px) 480px, (min-width: 481px) and (max-width: 980px) 980px, (min-width: 981px) 1080px, 100vw\" class=\"wp-image-229690\" title=\"equipo-.afoto\" \/><\/div><div class=\"et_pb_team_member_description\"><h4 class=\"et_pb_module_header\">Nat\u00e1lia Bezerra Mota<\/h4><p class=\"et_pb_member_position\">R\u00edo de Janeiro \u2013 Brasil<\/p><div class=\"et_pb_team_member_description_content\"><p>Facultad de Medicina de la Universidad Federal de Rio Grande do Norte (UFRN). Maestr\u00eda en Neurociencia por el Programa de Neurociencia de la UFRN. Doctorado en Neurociencias por el Programa de Neurociencias de la UFRN. Postdoctorado en el mismo programa. Postdoctorado del Departamento de F\u00edsica de la Universidad Federal de Pernambuco (UFPE). Trabaja los siguientes temas: lenguaje, gr\u00e1ficas, diagn\u00f3stico, desarrollo cognitivo, esquizofrenia, sue\u00f1os, EEG.<\/p>\n<p>Desarrollar estrategias computacionales para identificar se\u00f1ales de sufrimiento mental en el habla, para la educaci\u00f3n formal en el desarrollo cognitivo de ni\u00f1os en la escuela, adem\u00e1s de estudiar computacionalmente relatos de sue\u00f1os y correlatos neurales asociados con el procesamiento de memorias afectivas al inicio del sue\u00f1o.<\/p>\n<p><i class=\"fa-solid fa-up-right-from-square my-fa\"><\/i><strong>Lat\u00e9<\/strong> <a href=\"https:\/\/lattes.cnpq.br\/5211646958504253\" target=\"_blank\" \/>https:\/\/lattes.cnpq.br\/0218733015647416<\/a><\/p>\n<\/div><\/div><\/div>\n<\/div>\n<\/div>\n\n<div class=\"et_pb_row_6 et_pb_row et_flex_row\">\n<div class=\"et_pb_column_6 et_pb_column et-last-child et_flex_column et_pb_css_mix_blend_mode_passthrough et_flex_column_24_24 et_flex_column_24_24_tablet et_flex_column_24_24_phone\">\n<div class=\"et_pb_text_2 et_pb_text et_pb_bg_layout_light et_pb_module et_flex_module\"><div class=\"et_pb_text_inner\"><h3>Investigadores Acad\u00e9micos \/\/ Asistentes:<\/h3>\n<\/div><\/div>\n<\/div>\n<\/div>\n\n<div class=\"et_pb_row_7 et_pb_row et_flex_row\">\n<div class=\"et_pb_column_7 et_pb_column et-last-child et_flex_column et_pb_css_mix_blend_mode_passthrough et_flex_column_24_24 et_flex_column_24_24_tablet et_flex_column_24_24_phone\">\n<div class=\"et_pb_team_member_4 et_pb_team_member et_pb_bg_layout_light et_pb_module et_flex_module\"><div class=\"et_pb_team_member_image et-waypoint et_pb_animation_off\"><img loading=\"lazy\" decoding=\"async\" src=\"https:\/\/redeentrepares.com\/wp-content\/uploads\/2026\/03\/redeentrepares-team-alexandre.jpg\" alt=\"Alexandre Lins Keusen\" width=\"1080\" height=\"1080\" srcset=\"https:\/\/redeentrepares.com\/wp-content\/uploads\/2026\/03\/redeentrepares-team-alexandre.jpg 1080w, https:\/\/redeentrepares.com\/wp-content\/uploads\/2026\/03\/redeentrepares-team-alexandre-980x980.jpg 980w, https:\/\/redeentrepares.com\/wp-content\/uploads\/2026\/03\/redeentrepares-team-alexandre-480x480.jpg 480w\" sizes=\"(min-width: 0px) and (max-width: 480px) 480px, (min-width: 481px) and (max-width: 980px) 980px, (min-width: 981px) 1080px, 100vw\" class=\"wp-image-229632\" title=\"equipo\" \/><\/div><div class=\"et_pb_team_member_description\"><h4 class=\"et_pb_module_header\">Alexandre Lins Keusen<\/h4><p class=\"et_pb_member_position\">R\u00edo de Janeiro \u2013 Brasil<\/p><div class=\"et_pb_team_member_description_content\"><p>Facultad de Medicina de UNIRIO. Especializaci\u00f3n en Terapia Familiar. Maestr\u00eda y Doctorado en el Instituto de Psiquiatr\u00eda de la UFRJ. Profesionalmente se desempe\u00f1\u00f3 de 1981 a 1987 como psiquiatra en el Hospital Pinel, tiempo en el que fue Coordinador de la Residencia M\u00e9dica. En 1987 fue trasladado a la Colonia Juliano Moreira, al Hospital Jurandir Mandredini y, posteriormente, al sector de Planificaci\u00f3n, coordinando un proyecto de reforma psiqui\u00e1trica. De 1989 a 2007 fue Director del Centro Psiqui\u00e1trico de R\u00edo de Janeiro.<\/p>\n<p>Desde 2008 coordina el Sector de Terapia Familiar del Instituto de Psiquiatr\u00eda de la UFRJ y desde 2011 coordina el Programa Entrela\u00e7os.<\/p>\n<p><i class=\"fa-solid fa-up-right-from-square my-fa\"><\/i><strong>Lat\u00e9<\/strong> <a href=\"https:\/\/lattes.cnpq.br\/5211646958504253\" target=\"_blank\" \/>https:\/\/lattes.cnpq.br\/8522446102146353<\/a><\/p>\n<\/div><\/div><\/div>\n<\/div>\n<\/div>\n\n<div class=\"et_pb_row_8 et_pb_row et_flex_row\">\n<div class=\"et_pb_column_8 et_pb_column et-last-child et_flex_column et_pb_css_mix_blend_mode_passthrough et_flex_column_24_24 et_flex_column_24_24_tablet et_flex_column_24_24_phone\">\n<div class=\"et_pb_team_member_5 et_pb_team_member et_pb_bg_layout_light et_pb_module et_flex_module\"><div class=\"et_pb_team_member_image et-waypoint et_pb_animation_off\"><img loading=\"lazy\" decoding=\"async\" src=\"https:\/\/redeentrepares.com\/wp-content\/uploads\/2026\/03\/redeentrepares-team-elias.jpg\" alt=\"Elias Carim Neto\" width=\"1080\" height=\"1080\" srcset=\"https:\/\/redeentrepares.com\/wp-content\/uploads\/2026\/03\/redeentrepares-team-elias.jpg 1080w, https:\/\/redeentrepares.com\/wp-content\/uploads\/2026\/03\/redeentrepares-team-elias-980x980.jpg 980w, https:\/\/redeentrepares.com\/wp-content\/uploads\/2026\/03\/redeentrepares-team-elias-480x480.jpg 480w\" sizes=\"(min-width: 0px) and (max-width: 480px) 480px, (min-width: 481px) and (max-width: 980px) 980px, (min-width: 981px) 1080px, 100vw\" class=\"wp-image-229634\" title=\"equipo\" \/><\/div><div class=\"et_pb_team_member_description\"><h4 class=\"et_pb_module_header\">El\u00edas Carim Neto<\/h4><p class=\"et_pb_member_position\">R\u00edo de Janeiro \u2013 Brasil<\/p><div class=\"et_pb_team_member_description_content\"><p>Licenciado en Medicina por la Universidad Federal de R\u00edo de Janeiro. Postgrado en Psiquiatr\u00eda de la Universidad Estatal de R\u00edo de Janeiro, en Formaci\u00f3n de Trabajadores del CAPS del Estado de R\u00edo de Janeiro de la Universidad Federal de R\u00edo de Janeiro, en Rehabilitaci\u00f3n Psicosocial de la Secretar\u00eda Municipal de Salud de R\u00edo de Janeiro. Coordinaci\u00f3n del Hospital de D\u00eda Harmonia del Centro Psiqui\u00e1trico de R\u00edo de Janeiro \u2013 Secretar\u00eda de Salud del Estado de R\u00edo de Janeiro (1998 a 2015). Coordinadora Tripartita (CPRJ\/IPUB\/Funda\u00e7\u00e3o Le\u00e3o XIII) del Programa de Atenci\u00f3n Psicosocial a la poblaci\u00f3n sin hogar con trastornos mentales graves (2000-2015).<\/p>\n<p>Participante del equipo t\u00e9cnico del Programa Entrela\u00e7os desde 2016.<\/p>\n<p><i class=\"fa-solid fa-up-right-from-square my-fa\"><\/i><strong>Lat\u00e9<\/strong> <a href=\"https:\/\/lattes.cnpq.br\/5211646958504253\" target=\"_blank\" \/>https:\/\/lattes.cnpq.br\/8587880500104862<\/a><\/p>\n<\/div><\/div><\/div>\n<\/div>\n<\/div>\n\n<div class=\"et_pb_row_9 et_pb_row et_flex_row\">\n<div class=\"et_pb_column_9 et_pb_column et-last-child et_flex_column et_pb_css_mix_blend_mode_passthrough et_flex_column_24_24 et_flex_column_24_24_tablet et_flex_column_24_24_phone\">\n<div class=\"et_pb_team_member_6 et_pb_team_member et_pb_bg_layout_light et_pb_module et_flex_module\"><div class=\"et_pb_team_member_image et-waypoint et_pb_animation_off\"><img loading=\"lazy\" decoding=\"async\" src=\"https:\/\/redeentrepares.com\/wp-content\/uploads\/2026\/03\/redeentrepares-team-rita.jpg\" alt=\"Rita de Cassia Ribeiro\" width=\"1080\" height=\"1080\" srcset=\"https:\/\/redeentrepares.com\/wp-content\/uploads\/2026\/03\/redeentrepares-team-rita.jpg 1080w, https:\/\/redeentrepares.com\/wp-content\/uploads\/2026\/03\/redeentrepares-team-rita-980x980.jpg 980w, https:\/\/redeentrepares.com\/wp-content\/uploads\/2026\/03\/redeentrepares-team-rita-480x480.jpg 480w\" sizes=\"(min-width: 0px) and (max-width: 480px) 480px, (min-width: 481px) and (max-width: 980px) 980px, (min-width: 981px) 1080px, 100vw\" class=\"wp-image-229640\" title=\"equipo\" \/><\/div><div class=\"et_pb_team_member_description\"><h4 class=\"et_pb_module_header\">Rita de C\u00e1ssia Ribeiro<\/h4><p class=\"et_pb_member_position\">R\u00edo de Janeiro \u2013 Brasil<\/p><div class=\"et_pb_team_member_description_content\"><p class=\"p1\">Licenciada en Psicolog\u00eda por la Universidade Santa \u00darsula; Formaci\u00f3n en Psicodrama por la Sociedad Moreniana. Postgrado en Terapia Familiar \u2013 IPUB\/UFRJ. Formaci\u00f3n en Terapia Narrativa y Trabajo Comunitario - Associa\u00e7\u00e3o Reciclando.<\/p>\n<p>Participante del equipo t\u00e9cnico del Programa Entrela\u00e7os desde 2017.<\/p>\n<\/div><\/div><\/div>\n<\/div>\n<\/div>\n\n<div class=\"et_pb_row_10 et_pb_row et_flex_row\">\n<div class=\"et_pb_column_10 et_pb_column et-last-child et_flex_column et_pb_css_mix_blend_mode_passthrough et_flex_column_24_24 et_flex_column_24_24_tablet et_flex_column_24_24_phone\">\n<div class=\"et_pb_team_member_7 et_pb_team_member et_pb_bg_layout_light et_pb_module et_flex_module\"><div class=\"et_pb_team_member_image et-waypoint et_pb_animation_off\"><img loading=\"lazy\" decoding=\"async\" src=\"https:\/\/redeentrepares.com\/wp-content\/uploads\/2026\/03\/redeentrepares-team-olga.jpg\" alt=\"Olga Le\u00e3o\" width=\"1080\" height=\"1080\" srcset=\"https:\/\/redeentrepares.com\/wp-content\/uploads\/2026\/03\/redeentrepares-team-olga.jpg 1080w, https:\/\/redeentrepares.com\/wp-content\/uploads\/2026\/03\/redeentrepares-team-olga-980x980.jpg 980w, https:\/\/redeentrepares.com\/wp-content\/uploads\/2026\/03\/redeentrepares-team-olga-480x480.jpg 480w\" sizes=\"(min-width: 0px) and (max-width: 480px) 480px, (min-width: 481px) and (max-width: 980px) 980px, (min-width: 981px) 1080px, 100vw\" class=\"wp-image-229639\" title=\"equipo\" \/><\/div><div class=\"et_pb_team_member_description\"><h4 class=\"et_pb_module_header\">Olga Le\u00e3o<\/h4><p class=\"et_pb_member_position\">R\u00edo de Janeiro \u2013 Brasil<\/p><div class=\"et_pb_team_member_description_content\"><p>Licenciada en Psicolog\u00eda por la Universidad Estadual de Londrina\/PR. Especializaci\u00f3n en Psicodrama - Asociaci\u00f3n Brasile\u00f1a de Psicodrama y Sociodrama \u2013 ABPS. MBE \u2013 Responsabilidad Social y Tercer Sector \u2013 Universidad Federal de R\u00edo de Janeiro. Postgrado en Terapia de Pareja y Familia \u2013 Delphos Espa\u00e7o Psico-Social.<\/p>\n<p>Participa del equipo t\u00e9cnico del Programa Entrela\u00e7os desde 2015.<\/p>\n<p><i class=\"fa-solid fa-up-right-from-square my-fa\"><\/i><strong>Lat\u00e9<\/strong> <a href=\"https:\/\/lattes.cnpq.br\/5211646958504253\" target=\"_blank\" \/>https:\/\/lattes.cnpq.br\/4058474303445809<\/a><\/p>\n<\/div><\/div><\/div>\n<\/div>\n<\/div>\n\n<div class=\"et_pb_row_11 et_pb_row et_flex_row\">\n<div class=\"et_pb_column_11 et_pb_column et-last-child et_flex_column et_pb_css_mix_blend_mode_passthrough et_flex_column_24_24 et_flex_column_24_24_tablet et_flex_column_24_24_phone\">\n<div class=\"et_pb_team_member_8 et_pb_team_member et_pb_bg_layout_light et_pb_module et_flex_module\"><div class=\"et_pb_team_member_image et-waypoint et_pb_animation_off\"><img loading=\"lazy\" decoding=\"async\" src=\"https:\/\/redeentrepares.com\/wp-content\/uploads\/2026\/03\/redeentrepares-team-silvana.jpg\" alt=\"Silvana Barreto\" width=\"1080\" height=\"1080\" srcset=\"https:\/\/redeentrepares.com\/wp-content\/uploads\/2026\/03\/redeentrepares-team-silvana.jpg 1080w, https:\/\/redeentrepares.com\/wp-content\/uploads\/2026\/03\/redeentrepares-team-silvana-980x980.jpg 980w, https:\/\/redeentrepares.com\/wp-content\/uploads\/2026\/03\/redeentrepares-team-silvana-480x480.jpg 480w\" sizes=\"(min-width: 0px) and (max-width: 480px) 480px, (min-width: 481px) and (max-width: 980px) 980px, (min-width: 981px) 1080px, 100vw\" class=\"wp-image-229641\" title=\"equipo\" \/><\/div><div class=\"et_pb_team_member_description\"><h4 class=\"et_pb_module_header\">Silvana Barreto<\/h4><p class=\"et_pb_member_position\">R\u00edo de Janeiro \u2013 Brasil<\/p><div class=\"et_pb_team_member_description_content\"><p>Licenciada en Enfermer\u00eda por la Universidad Federal de S\u00e3o Paulo (USP). Enfermera del SUS desde 1999, con experiencia en Atenci\u00f3n a la Salud de Enfermedades Cr\u00f3nicas No Transmisibles, Atenci\u00f3n Primaria, Atenci\u00f3n Secundaria, Alta Complejidad y Educaci\u00f3n Continua. Estudiante de maestr\u00eda en Salud P\u00fablica de la ENSP\/FIOCRUZ.<\/p>\n<p>Participa del equipo t\u00e9cnico del Programa Entrela\u00e7os desde 2016.<\/p>\n<\/div><\/div><\/div>\n<\/div>\n<\/div>\n\n<div class=\"et_pb_row_12 et_pb_row et_flex_row\">\n<div class=\"et_pb_column_12 et_pb_column et-last-child et_flex_column et_pb_css_mix_blend_mode_passthrough et_flex_column_24_24 et_flex_column_24_24_tablet et_flex_column_24_24_phone\">\n<div class=\"et_pb_team_member_9 et_pb_team_member et_pb_bg_layout_light et_pb_module et_flex_module\"><div class=\"et_pb_team_member_image et-waypoint et_pb_animation_off\"><img loading=\"lazy\" decoding=\"async\" src=\"https:\/\/redeentrepares.com\/wp-content\/uploads\/2026\/03\/redeentrepares-team-lucia.jpg\" alt=\"L\u00facia Francisco Mahota\" width=\"1080\" height=\"1080\" srcset=\"https:\/\/redeentrepares.com\/wp-content\/uploads\/2026\/03\/redeentrepares-team-lucia.jpg 1080w, https:\/\/redeentrepares.com\/wp-content\/uploads\/2026\/03\/redeentrepares-team-lucia-980x980.jpg 980w, https:\/\/redeentrepares.com\/wp-content\/uploads\/2026\/03\/redeentrepares-team-lucia-480x480.jpg 480w\" sizes=\"(min-width: 0px) and (max-width: 480px) 480px, (min-width: 481px) and (max-width: 980px) 980px, (min-width: 981px) 1080px, 100vw\" class=\"wp-image-229692\" title=\"equipo-.afoto\" \/><\/div><div class=\"et_pb_team_member_description\"><h4 class=\"et_pb_module_header\">Luc\u00eda Francisco Mahota<\/h4><p class=\"et_pb_member_position\">Maputo \u2013 Mozambique<\/p><div class=\"et_pb_team_member_description_content\"><p class=\"translation-block\">Psiquiatra licenciado en medicina general por la Facultad de Medicina de la Universidad Eduardo Mondlane (2014) en Maputo \u2013 Mozambique.<\/p>\n<p>\u00c1reas de inter\u00e9s: Psicosis, adicciones e investigaci\u00f3n de implementaci\u00f3n en salud mental.<\/p>\n<\/div><\/div><\/div>\n<\/div>\n<\/div>\n\n<div class=\"et_pb_row_13 et_pb_row et_flex_row\">\n<div class=\"et_pb_column_13 et_pb_column et-last-child et_flex_column et_pb_css_mix_blend_mode_passthrough et_flex_column_24_24 et_flex_column_24_24_tablet et_flex_column_24_24_phone\">\n<div class=\"et_pb_text_3 et_pb_text et_pb_bg_layout_light et_pb_module et_flex_module\"><div class=\"et_pb_text_inner\"><h3>Investigadores Comunitarios<\/h3>\n<p>\u00a1Dentro de poco!<\/p>\n<\/div><\/div>\n<\/div>\n<\/div>\n<\/div>","protected":false},"excerpt":{"rendered":"","protected":false},"author":1,"featured_media":229644,"parent":0,"menu_order":0,"comment_status":"closed","ping_status":"closed","template":"","meta":{"footnotes":""},"class_list":["post-229226","page","type-page","status-publish","has-post-thumbnail","hentry","page_category-content"],"_links":{"self":[{"href":"https:\/\/redeentrepares.com\/es\/wp-json\/wp\/v2\/pages\/229226","targetHints":{"allow":["GET"]}}],"collection":[{"href":"https:\/\/redeentrepares.com\/es\/wp-json\/wp\/v2\/pages"}],"about":[{"href":"https:\/\/redeentrepares.com\/es\/wp-json\/wp\/v2\/types\/page"}],"author":[{"embeddable":true,"href":"https:\/\/redeentrepares.com\/es\/wp-json\/wp\/v2\/users\/1"}],"replies":[{"embeddable":true,"href":"https:\/\/redeentrepares.com\/es\/wp-json\/wp\/v2\/comments?post=229226"}],"version-history":[{"count":1,"href":"https:\/\/redeentrepares.com\/es\/wp-json\/wp\/v2\/pages\/229226\/revisions"}],"predecessor-version":[{"id":230187,"href":"https:\/\/redeentrepares.com\/es\/wp-json\/wp\/v2\/pages\/229226\/revisions\/230187"}],"wp:featuredmedia":[{"embeddable":true,"href":"https:\/\/redeentrepares.com\/es\/wp-json\/wp\/v2\/media\/229644"}],"wp:attachment":[{"href":"https:\/\/redeentrepares.com\/es\/wp-json\/wp\/v2\/media?parent=229226"}],"curies":[{"name":"wp","href":"https:\/\/api.w.org\/{rel}","templated":true}]}}