{"id":229190,"date":"2026-03-03T13:26:37","date_gmt":"2026-03-03T16:26:37","guid":{"rendered":"http:\/\/divi-5-playground.local\/?page_id=229190"},"modified":"2026-04-15T00:52:20","modified_gmt":"2026-04-15T03:52:20","slug":"quem-pode-participar","status":"publish","type":"page","link":"https:\/\/redeentrepares.com\/es\/sobre-o-projeto\/quem-pode-participar\/","title":{"rendered":"\u00bfQui\u00e9n puede participar?"},"content":{"rendered":"<p class=\"translation-block\">El proyecto <strong>Entrepares<\/strong> est\u00e1 abierto a diferentes perfiles, valorando tanto el conocimiento t\u00e9cnico como la experiencia de vida. A continuaci\u00f3n, encontrar\u00e1 los criterios necesarios para cada grupo:<\/p>\n<h3>Personas con Experiencia de Vida<\/h3>\n<p class=\"translation-block\">Son personas que poseen la experiencia de vida con el sufrimiento mental y que est\u00e1n siendo cuidadas en los centros de salud participantes de la investigaci\u00f3n en R\u00edo de Janeiro y en Maputo.<\/p>\n<p><strong>Para participar, debes cumplir los siguientes requisitos:<\/strong><\/p>\n<ul>\n<li>Tener experiencia de vida con psicosis, como diagn\u00f3sticos de esquizofrenia o trastorno esquizoafectivo, durante al menos 2 a\u00f1os.<\/li>\n<li>Tener entre 24 y 55 a\u00f1os.<\/li>\n<li>Tener escolaridad de educaci\u00f3n primaria completa en adelante.<\/li>\n<li>Estar en seguimiento regular, al menos mensual, en el centro de salud participante de la investigaci\u00f3n.<\/li>\n<li>Estar en un estado cl\u00ednico estable por un m\u00ednimo de 6 meses, siguiendo adecuadamente el tratamiento.<\/li>\n<li>Tener ganas de transformar tu experiencia personal en conocimiento para ayudar a otras personas.<\/li>\n<li>Tener disponibilidad para participar de los seminarios y encuentros en grupos en el IPUB (R\u00edo de Janeiro) o en la Universidad Eduardo Mondlane (Maputo) y de las actividades de investigaci\u00f3n en tu barrio.<\/li>\n<\/ul>\n<hr class=\"my-custom-hr\" \/>\n<h3>Familiares<\/h3>\n<ul>\n<li>Ser pariente cercano o cuidador principal de una persona con el perfil descrito anteriormente.<\/li>\n<li>Tener ganas de transformar tu experiencia personal en conocimiento para ayudar a otras personas.<\/li>\n<li>Tener disponibilidad para participar de los seminarios y encuentros en grupos en el IPUB \u2013 Instituto de Psiquiatr\u00eda de la UFRJ (R\u00edo de Janeiro) o en la Universidad Eduardo Mondlane (Maputo) y de las actividades de investigaci\u00f3n en su barrio.<\/li>\n<\/ul>\n<hr class=\"my-custom-hr\" \/>\n<h3>L\u00edderes Comunitarios<\/h3>\n<ul>\n<li>Ser un miembro activo de la comunidad con experiencia en asociaciones de vecinos, colectivos o proyectos sociales.<\/li>\n<li>Tener facilidad de comunicaci\u00f3n con los residentes e inter\u00e9s en temas de justicia social y salud p\u00fablica.<\/li>\n<li>Tener disponibilidad para participar de los seminarios y encuentros en grupos en el IPUB (R\u00edo de Janeiro) o en la Universidad Eduardo Mondlane (Maputo) y de las actividades de investigaci\u00f3n en tu barrio.<\/li>\n<\/ul>\n<hr class=\"my-custom-hr\" \/>\n<h3>Profesionales de Salud<\/h3>\n<ul>\n<li>Tener t\u00edtulo t\u00e9cnico o superior completo en el \u00e1rea de la salud (p. ej. Psicolog\u00eda, Medicina, Enfermer\u00eda, Trabajo Social, Terapia Ocupacional, etc.).<\/li>\n<li>Trabajar en las unidades de salud participantes del proyecto.<\/li>\n<li>Conocer y tener contacto con la persona con experiencia de vida al menos mensualmente.<\/li>\n<li>Tener disponibilidad para participar de los encuentros en grupos triol\u00f3gicos (persona con experiencia de vida, familiar\/l\u00edder comunitario y profesional de la salud) en el IPUB (R\u00edo de Janeiro) o en la Universidad Eduardo Mondlane (Maputo) cada 2 meses.<\/li>\n<\/ul>\n<hr class=\"my-custom-hr\" \/>\n<h3>Observaciones Generales<\/h3>\n<p class=\"translation-block\">**Participaci\u00f3n Voluntaria:** Todos los participantes deber\u00e1n firmar un Consentimiento Informado y Voluntario para participar en la investigaci\u00f3n.\n**Formaci\u00f3n Gratuita:** El proyecto ofrece toda la preparaci\u00f3n te\u00f3rica y pr\u00e1ctica necesaria para las etapas de investigaci\u00f3n de campo.<\/p>\n<p class=\"translation-block\">\u00bfTodav\u00eda tienes dudas sobre tu perfil? Habla con uno de nuestros coordinadores de campo o env\u00eda un mensaje a trav\u00e9s de nuestra <a href=\"https:\/\/redeentrepares.com\/es\/contato\/\" title=\"Ponte en contacto\" target=\"_self\">\u00e1rea de contacto<\/a>.<\/p>","protected":false},"excerpt":{"rendered":"<p>O projeto\u00a0Entrepares\u00a0\u00e9 aberto a diferentes perfis, valorizando tanto o conhecimento t\u00e9cnico quanto a experi\u00eancia de vida. Abaixo, voc\u00ea encontra os crit\u00e9rios necess\u00e1rios para cada grupo: Pessoas com Experi\u00eancia de Vida S\u00e3o pessoas que possuem a experi\u00eancia de vida com o sofrimento mental e que est\u00e3o sendo cuidadas nos centros de sa\u00fade participantes da pesquisa no [&hellip;]<\/p>\n","protected":false},"author":1,"featured_media":229643,"parent":228829,"menu_order":1,"comment_status":"closed","ping_status":"closed","template":"","meta":{"footnotes":""},"class_list":["post-229190","page","type-page","status-publish","has-post-thumbnail","hentry","page_category-content"],"_links":{"self":[{"href":"https:\/\/redeentrepares.com\/es\/wp-json\/wp\/v2\/pages\/229190","targetHints":{"allow":["GET"]}}],"collection":[{"href":"https:\/\/redeentrepares.com\/es\/wp-json\/wp\/v2\/pages"}],"about":[{"href":"https:\/\/redeentrepares.com\/es\/wp-json\/wp\/v2\/types\/page"}],"author":[{"embeddable":true,"href":"https:\/\/redeentrepares.com\/es\/wp-json\/wp\/v2\/users\/1"}],"replies":[{"embeddable":true,"href":"https:\/\/redeentrepares.com\/es\/wp-json\/wp\/v2\/comments?post=229190"}],"version-history":[{"count":1,"href":"https:\/\/redeentrepares.com\/es\/wp-json\/wp\/v2\/pages\/229190\/revisions"}],"predecessor-version":[{"id":230182,"href":"https:\/\/redeentrepares.com\/es\/wp-json\/wp\/v2\/pages\/229190\/revisions\/230182"}],"up":[{"embeddable":true,"href":"https:\/\/redeentrepares.com\/es\/wp-json\/wp\/v2\/pages\/228829"}],"wp:featuredmedia":[{"embeddable":true,"href":"https:\/\/redeentrepares.com\/es\/wp-json\/wp\/v2\/media\/229643"}],"wp:attachment":[{"href":"https:\/\/redeentrepares.com\/es\/wp-json\/wp\/v2\/media?parent=229190"}],"curies":[{"name":"wp","href":"https:\/\/api.w.org\/{rel}","templated":true}]}}