{"id":228775,"date":"2026-02-27T22:51:22","date_gmt":"2026-02-27T22:51:22","guid":{"rendered":"http:\/\/divi-5-playground.local\/?page_id=228775"},"modified":"2026-04-15T00:52:20","modified_gmt":"2026-04-15T03:52:20","slug":"home","status":"publish","type":"page","link":"https:\/\/redeentrepares.com\/es\/","title":{"rendered":"Home"},"content":{"rendered":"<div class=\"et_pb_section_0 et_pb_section et_section_regular et_flex_section et_animated\">\n<div class=\"et_pb_row_0 et_pb_row et_flex_row\">\n<div class=\"et_pb_column_0 et_pb_column et-last-child et_block_column et_pb_css_mix_blend_mode_passthrough et_flex_column_12_24 et_flex_column_12_24_tablet et_flex_column_24_24_phone\">\n<div class=\"et_pb_image_0 et_pb_image et_pb_module et_flex_module my-hide\"><span class=\"et_pb_image_wrap\"><img loading=\"lazy\" decoding=\"async\" src=\"https:\/\/redeentrepares.com\/wp-content\/uploads\/2026\/03\/redeentrepares-logo-horz-white.png\" title=\"redeentrepares-logo-horz-white\" width=\"790\" height=\"180\" srcset=\"https:\/\/redeentrepares.com\/wp-content\/uploads\/2026\/03\/redeentrepares-logo-horz-white.png 790w, https:\/\/redeentrepares.com\/wp-content\/uploads\/2026\/03\/redeentrepares-logo-horz-white-480x109.png 480w\" sizes=\"(min-width: 0px) and (max-width: 480px) 480px, (min-width: 481px) 790px, 100vw\" class=\"wp-image-229669\" \/><\/span><\/div>\n\n<div class=\"et_pb_text_0 et_pb_text et_pb_bg_layout_light et_pb_module et_flex_module\"><div class=\"et_pb_text_inner\"><h1>\u00a1Hola, bienvenidos al proyecto Rede Entrepares!<\/h1>\n<\/div><\/div>\n\n<div class=\"et_pb_icon_0 et_pb_icon et_animated et_clickable et_pb_module et_flex_module\"><span class=\"et_pb_icon_wrap\"><a href=\"#first-strip\" target=\"\"><span class=\"et-pb-icon\">\uf078<\/span><\/a><\/span><\/div>\n<\/div>\n<\/div>\n<\/div>\n\n<div class=\"et_pb_section_1 et_pb_section et_section_regular et_flex_section\" id=\"intro\">\n<div class=\"et_pb_row_1 et_pb_row et-vb-row--no-module et_flex_row\" id=\"first-strip\">\n<div class=\"et_pb_column_1 et_pb_column et-last-child et_flex_column et_pb_column_empty et_pb_css_mix_blend_mode_passthrough et_flex_column_24_24 et_flex_column_24_24_tablet et_flex_column_24_24_phone\"><\/div>\n<\/div>\n<\/div>\n\n<div class=\"et_pb_section_2 et_pb_section et_section_regular et_flex_section\">\n<div class=\"et_pb_row_2 et_pb_row et_flex_row\">\n<div class=\"et_pb_column_2 et_pb_column et-last-child et_flex_column et_pb_css_mix_blend_mode_passthrough et_flex_column_24_24 et_flex_column_24_24_tablet et_flex_column_24_24_phone\">\n<div class=\"et_pb_image_1 et_pb_image et_animated et_pb_module et_block_module\"><span class=\"et_pb_image_wrap\"><img loading=\"lazy\" decoding=\"async\" src=\"https:\/\/redeentrepares.com\/wp-content\/uploads\/2026\/03\/redeentrepares-logo-vert-color.png\" title=\"logo-red-entre-pares-vertical-color\" width=\"790\" height=\"450\" srcset=\"https:\/\/redeentrepares.com\/wp-content\/uploads\/2026\/03\/redeentrepares-logo-vert-color.png 790w, https:\/\/redeentrepares.com\/wp-content\/uploads\/2026\/03\/redeentrepares-logo-vert-color-480x273.png 480w\" sizes=\"(min-width: 0px) and (max-width: 480px) 480px, (min-width: 481px) 790px, 100vw\" class=\"wp-image-229672\" \/><\/span><\/div>\n\n<div class=\"et_pb_video_0 et_pb_video et_animated et_pb_module et_flex_module\"><div class=\"et_pb_video_box\"><video controls><source type=\"video\/mp4\" src=\"https:\/\/redeentrepares.com\/wp-content\/uploads\/2026\/03\/entrepares-leg-esp.mp4\" \/><\/video><\/div><div class=\"et_pb_video_overlay\" style=\"background-image:url(https:\/\/redeentrepares.com\/wp-content\/uploads\/2026\/03\/video-cover.jpg)\"><div class=\"et_pb_video_overlay_hover\"><a class=\"et_pb_video_play\" href=\"#\"><\/a><\/div><\/div><\/div>\n\n<div class=\"et_pb_image_2 et_pb_image et_pb_module et_flex_module abrir-video-lightbox\"><a href=\"https:\/\/redeentrepares.com\/wp-content\/uploads\/2026\/03\/entrepares-leg-esp.mp4\"><span class=\"et_pb_image_wrap\"><img loading=\"lazy\" decoding=\"async\" src=\"https:\/\/redeentrepares.com\/wp-content\/uploads\/2026\/03\/video-cover-ok.jpg\" title=\"Captura de pantalla\" width=\"1920\" height=\"1080\" srcset=\"https:\/\/redeentrepares.com\/wp-content\/uploads\/2026\/03\/video-cover-ok.jpg 1920w, https:\/\/redeentrepares.com\/wp-content\/uploads\/2026\/03\/video-cover-ok-1280x720.jpg 1280w, https:\/\/redeentrepares.com\/wp-content\/uploads\/2026\/03\/video-cover-ok-980x551.jpg 980w, https:\/\/redeentrepares.com\/wp-content\/uploads\/2026\/03\/video-cover-ok-480x270.jpg 480w\" sizes=\"(min-width: 0px) and (max-width: 480px) 480px, (min-width: 481px) and (max-width: 980px) 980px, (min-width: 981px) and (max-width: 1280px) 1280px, (min-width: 1281px) 1920px, 100vw\" class=\"wp-image-229585\" \/><\/span><\/a><\/div>\n\n<div class=\"et_pb_text_1 et_pb_text et_pb_bg_layout_light et_animated et_pb_module et_flex_module\"><div class=\"et_pb_text_inner\"><p class=\"translation-block\">La\u00a0<strong>Rede Entrepares<\/strong>\u00a0es un proyecto de investigaci\u00f3n-acci\u00f3n que parte de la base, del suelo de las comunidades, de las experiencias de vida y sabidur\u00eda popular de sus gentes para transformar la producci\u00f3n de conocimiento en un acto colectivo y emancipador.<\/p>\n<\/div><\/div>\n\n<div class=\"et_pb_icon_1 et_pb_icon et_animated et_clickable et_pb_module et_flex_module\"><span class=\"et_pb_icon_wrap\"><a href=\"#site-context\" target=\"\"><span class=\"et-pb-icon\">\uf078<\/span><\/a><\/span><\/div>\n<\/div>\n<\/div>\n<\/div>\n\n<div class=\"et_pb_section_3 et_pb_section et_section_regular et_flex_section\" id=\"first-row\">\n<div class=\"et_pb_row_3 et_pb_row et_flex_row\">\n<div class=\"et_pb_column_3 et_pb_column et-last-child et_flex_column et_pb_css_mix_blend_mode_passthrough et_flex_column_24_24 et_flex_column_24_24_tablet et_flex_column_24_24_phone\">\n<div class=\"et_pb_image_3 et_pb_image et_animated et_pb_module et_block_module\"><span class=\"et_pb_image_wrap\"><img loading=\"lazy\" decoding=\"async\" src=\"https:\/\/redeentrepares.com\/wp-content\/uploads\/2026\/03\/redeentrepares-logo-vert-color.png\" title=\"logo-red-entre-pares-vertical-color\" width=\"790\" height=\"450\" srcset=\"https:\/\/redeentrepares.com\/wp-content\/uploads\/2026\/03\/redeentrepares-logo-vert-color.png 790w, https:\/\/redeentrepares.com\/wp-content\/uploads\/2026\/03\/redeentrepares-logo-vert-color-480x273.png 480w\" sizes=\"(min-width: 0px) and (max-width: 480px) 480px, (min-width: 481px) 790px, 100vw\" class=\"wp-image-229672\" \/><\/span><\/div>\n\n<div class=\"et_pb_video_1 et_pb_video et_animated et_pb_module et_flex_module\"><div class=\"et_pb_video_box\"><video controls><source type=\"video\/mp4\" src=\"https:\/\/redeentrepares.com\/wp-content\/uploads\/2026\/03\/entrepares-leg-esp.mp4\" \/><\/video><\/div><div class=\"et_pb_video_overlay\" style=\"background-image:url(https:\/\/redeentrepares.com\/wp-content\/uploads\/2026\/03\/video-cover.jpg)\"><div class=\"et_pb_video_overlay_hover\"><a class=\"et_pb_video_play\" href=\"#\"><\/a><\/div><\/div><\/div>\n\n<div class=\"et_pb_image_4 et_pb_image et_pb_module et_flex_module abrir-video-lightbox\"><a href=\"https:\/\/redeentrepares.com\/wp-content\/uploads\/2026\/03\/entrepares-leg-esp.mp4\"><span class=\"et_pb_image_wrap\"><img loading=\"lazy\" decoding=\"async\" src=\"https:\/\/redeentrepares.com\/wp-content\/uploads\/2026\/03\/video-cover-ok.jpg\" title=\"Captura de pantalla\" width=\"1920\" height=\"1080\" srcset=\"https:\/\/redeentrepares.com\/wp-content\/uploads\/2026\/03\/video-cover-ok.jpg 1920w, https:\/\/redeentrepares.com\/wp-content\/uploads\/2026\/03\/video-cover-ok-1280x720.jpg 1280w, https:\/\/redeentrepares.com\/wp-content\/uploads\/2026\/03\/video-cover-ok-980x551.jpg 980w, https:\/\/redeentrepares.com\/wp-content\/uploads\/2026\/03\/video-cover-ok-480x270.jpg 480w\" sizes=\"(min-width: 0px) and (max-width: 480px) 480px, (min-width: 481px) and (max-width: 980px) 980px, (min-width: 981px) and (max-width: 1280px) 1280px, (min-width: 1281px) 1920px, 100vw\" class=\"wp-image-229585\" \/><\/span><\/a><\/div>\n\n<div class=\"et_pb_text_2 et_pb_text et_pb_bg_layout_light et_animated et_pb_module et_flex_module\"><div class=\"et_pb_text_inner\"><p class=\"translation-block\">La\u00a0<strong>Rede Entrepares<\/strong>\u00a0es un proyecto de investigaci\u00f3n-acci\u00f3n que parte de la base, del suelo de las comunidades, de las experiencias de vida y sabidur\u00eda popular de sus gentes para transformar la producci\u00f3n de conocimiento en un acto colectivo y emancipador.<\/p>\n<\/div><\/div>\n\n<div class=\"et_pb_icon_2 et_pb_icon et_animated et_clickable et_pb_module et_flex_module\"><span class=\"et_pb_icon_wrap\"><a href=\"#first-row\" target=\"\"><span class=\"et-pb-icon\">\uf078<\/span><\/a><\/span><\/div>\n<\/div>\n<\/div>\n<\/div>\n\n<div class=\"et_pb_section_4 et_pb_section et_section_regular et_flex_section\" id=\"intro\">\n<div class=\"et_pb_row_4 et_pb_row et-vb-row--no-module et_flex_row\">\n<div class=\"et_pb_column_4 et_pb_column et-last-child et_flex_column et_pb_column_empty et_pb_css_mix_blend_mode_passthrough et_flex_column_24_24 et_flex_column_24_24_tablet et_flex_column_24_24_phone\"><\/div>\n<\/div>\n<\/div>\n\n<div class=\"et_pb_section_5 et_pb_section et_section_regular et_flex_section\" id=\"site-context\">\n<div class=\"et_pb_row_5 et_pb_row et_flex_row\">\n<div class=\"et_pb_column_5 et_pb_column et_flex_column et_pb_css_mix_blend_mode_passthrough et_flex_column_12_24 et_flex_column_12_24_tablet et_flex_column_24_24_phone\">\n<div class=\"et_pb_text_3 et_pb_text et_pb_bg_layout_dark et_pb_module et_flex_module\"><div class=\"et_pb_text_inner\"><h2>Ciencia popular y salud mental<\/h2>\n<p>La asociaci\u00f3n entre Brasil y Mozambique tiene como objetivo acercar los continentes de Am\u00e9rica Latina y \u00c1frica a trav\u00e9s del intercambio de dos pa\u00edses de habla portuguesa con un pasado colonial similar.<\/p>\n<\/div><\/div>\n\n<div class=\"et_pb_module et_pb_button_module_wrapper et_pb_button_0_wrapper\"><a class=\"et_pb_button_0 et_pb_button et_pb_bg_layout_light et_pb_module et_flex_module\" href=\"https:\/\/redeentrepares.com\/es\/sobre-o-projeto\/\">Descubra m\u00e1s<\/a><\/div>\n<\/div>\n\n<div class=\"et_pb_column_6 et_pb_column et-last-child et_flex_column et_pb_column_empty et_pb_css_mix_blend_mode_passthrough et_flex_column_12_24 et_flex_column_12_24_tablet et_flex_column_24_24_phone\"><\/div>\n<\/div>\n<\/div>\n\n<div class=\"et_pb_section_6 et_pb_section et_section_regular et_flex_section\">\n<div class=\"et_pb_row_6 et_pb_row et_flex_row\">\n<div class=\"et_pb_column_7 et_pb_column et_flex_column et_pb_column_empty et_pb_css_mix_blend_mode_passthrough et_flex_column_12_24 et_flex_column_24_24_tablet et_flex_column_24_24_phone\"><\/div>\n\n<div class=\"et_pb_column_8 et_pb_column et-last-child et_flex_column et_pb_css_mix_blend_mode_passthrough et_flex_column_12_24 et_flex_column_24_24_tablet et_flex_column_24_24_phone\">\n<div class=\"et_pb_text_4 et_pb_text et_pb_bg_layout_dark et_pb_module et_flex_module\"><div class=\"et_pb_text_inner\"><h2>\u00bfQu\u00e9 es la Investigaci\u00f3n Acci\u00f3n?<\/h2>\n<p class=\"translation-block\">Comprender la metodolog\u00eda del proyecto <b>Entrepares<\/b>, su orientaci\u00f3n filos\u00f3fica y pol\u00edtica y c\u00f3mo desaf\u00eda el paradigma tradicional de la ciencia positivista.<\/p>\n<\/div><\/div>\n\n<div class=\"et_pb_module et_pb_button_module_wrapper et_pb_button_1_wrapper\"><a class=\"et_pb_button_1 et_pb_button et_pb_bg_layout_light et_pb_module et_flex_module\" href=\"https:\/\/redeentrepares.com\/es\/sobre-o-projeto\/metodologia\/\">Descubra m\u00e1s<\/a><\/div>\n<\/div>\n<\/div>\n<\/div>\n\n<div class=\"et_pb_section_7 et_pb_section et_section_regular et_flex_section\">\n<div class=\"et_pb_row_7 et_pb_row et_flex_row\">\n<div class=\"et_pb_column_9 et_pb_column et_flex_column et_pb_css_mix_blend_mode_passthrough et_flex_column_12_24 et_flex_column_12_24_tablet et_flex_column_24_24_phone\">\n<div class=\"et_pb_text_5 et_pb_text et_pb_bg_layout_dark et_pb_module et_flex_module\"><div class=\"et_pb_text_inner\"><h2>\u00bfQui\u00e9n puede participar?<\/h2>\n<p class=\"translation-block\">El proyecto <b>Entrepares<\/b> est\u00e1 abierto a diferentes perfiles, valorando tanto los conocimientos t\u00e9cnicos como la experiencia de vida.<\/p>\n<\/div><\/div>\n\n<div class=\"et_pb_module et_pb_button_module_wrapper et_pb_button_2_wrapper\"><a class=\"et_pb_button_2 et_pb_button et_pb_bg_layout_light et_pb_module et_flex_module\" href=\"https:\/\/redeentrepares.com\/es\/sobre-o-projeto\/quem-pode-participar\/\">Descubra m\u00e1s<\/a><\/div>\n<\/div>\n\n<div class=\"et_pb_column_10 et_pb_column et-last-child et_flex_column et_pb_column_empty et_pb_css_mix_blend_mode_passthrough et_flex_column_12_24 et_flex_column_12_24_tablet et_flex_column_24_24_phone\"><\/div>\n<\/div>\n<\/div>\n\n<div class=\"et_pb_section_8 et_pb_section et_section_regular et_flex_section\" id=\"intro\">\n<div class=\"et_pb_row_8 et_pb_row et-vb-row--no-module et_flex_row\">\n<div class=\"et_pb_column_11 et_pb_column et-last-child et_flex_column et_pb_column_empty et_pb_css_mix_blend_mode_passthrough et_flex_column_24_24 et_flex_column_24_24_tablet et_flex_column_24_24_phone\"><\/div>\n<\/div>\n<\/div>\n\n<div class=\"et_pb_section_9 et_pb_section et_section_regular et_flex_section\">\n<div class=\"et_pb_row_9 et_pb_row et_flex_row\">\n<div class=\"et_pb_column_12 et_pb_column et_block_column et_pb_css_mix_blend_mode_passthrough et_flex_column_4_24 et_flex_column_8_24_tablet et_flex_column_12_24_phone\">\n<div class=\"et_pb_image_5 et_pb_image et_pb_module et_flex_module\"><span class=\"et_pb_image_wrap\"><img loading=\"lazy\" decoding=\"async\" src=\"https:\/\/redeentrepares.com\/wp-content\/uploads\/2026\/03\/logos-slide-ipub.png\" title=\"logotipos-diapositiva-ipub\" width=\"400\" height=\"220\" srcset=\"https:\/\/redeentrepares.com\/wp-content\/uploads\/2026\/03\/logos-slide-ipub.png 400w, https:\/\/redeentrepares.com\/wp-content\/uploads\/2026\/03\/logos-slide-ipub-300x165.png 300w, https:\/\/redeentrepares.com\/wp-content\/uploads\/2026\/03\/logos-slide-ipub-18x10.png 18w\" sizes=\"(max-width: 400px) 100vw, 400px\" class=\"wp-image-229548\" \/><\/span><\/div>\n<\/div>\n\n<div class=\"et_pb_column_13 et_pb_column et_block_column et_pb_css_mix_blend_mode_passthrough et_flex_column_4_24 et_flex_column_8_24_tablet et_flex_column_12_24_phone\">\n<div class=\"et_pb_image_6 et_pb_image et_pb_module et_flex_module\"><span class=\"et_pb_image_wrap\"><img loading=\"lazy\" decoding=\"async\" src=\"https:\/\/redeentrepares.com\/wp-content\/uploads\/2026\/03\/logos-slide-propsam.png\" title=\"logos-diapositiva-elementosDeAtrezo\" width=\"400\" height=\"220\" srcset=\"https:\/\/redeentrepares.com\/wp-content\/uploads\/2026\/03\/logos-slide-propsam.png 400w, https:\/\/redeentrepares.com\/wp-content\/uploads\/2026\/03\/logos-slide-propsam-300x165.png 300w, https:\/\/redeentrepares.com\/wp-content\/uploads\/2026\/03\/logos-slide-propsam-18x10.png 18w\" sizes=\"(max-width: 400px) 100vw, 400px\" class=\"wp-image-229550\" \/><\/span><\/div>\n<\/div>\n\n<div class=\"et_pb_column_14 et_pb_column et_block_column et_pb_css_mix_blend_mode_passthrough et_flex_column_4_24 et_flex_column_8_24_tablet et_flex_column_12_24_phone\">\n<div class=\"et_pb_image_7 et_pb_image et_pb_module et_flex_module\"><span class=\"et_pb_image_wrap\"><img loading=\"lazy\" decoding=\"async\" src=\"https:\/\/redeentrepares.com\/wp-content\/uploads\/2026\/03\/logos-slide-hgmavalane.png\" title=\"diapositiva-logo-hgmavalane\" width=\"400\" height=\"220\" srcset=\"https:\/\/redeentrepares.com\/wp-content\/uploads\/2026\/03\/logos-slide-hgmavalane.png 400w, https:\/\/redeentrepares.com\/wp-content\/uploads\/2026\/03\/logos-slide-hgmavalane-300x165.png 300w, https:\/\/redeentrepares.com\/wp-content\/uploads\/2026\/03\/logos-slide-hgmavalane-18x10.png 18w\" sizes=\"(max-width: 400px) 100vw, 400px\" class=\"wp-image-229547\" \/><\/span><\/div>\n<\/div>\n\n<div class=\"et_pb_column_15 et_pb_column et_block_column et_pb_css_mix_blend_mode_passthrough et_flex_column_4_24 et_flex_column_8_24_tablet et_flex_column_12_24_phone\">\n<div class=\"et_pb_image_8 et_pb_image et_pb_module et_flex_module\"><span class=\"et_pb_image_wrap\"><img loading=\"lazy\" decoding=\"async\" src=\"https:\/\/redeentrepares.com\/wp-content\/uploads\/2026\/03\/logos-slide-ufrj.png\" title=\"logotipos-diapositiva-ufrj\" width=\"400\" height=\"220\" srcset=\"https:\/\/redeentrepares.com\/wp-content\/uploads\/2026\/03\/logos-slide-ufrj.png 400w, https:\/\/redeentrepares.com\/wp-content\/uploads\/2026\/03\/logos-slide-ufrj-300x165.png 300w, https:\/\/redeentrepares.com\/wp-content\/uploads\/2026\/03\/logos-slide-ufrj-18x10.png 18w\" sizes=\"(max-width: 400px) 100vw, 400px\" class=\"wp-image-229552\" \/><\/span><\/div>\n<\/div>\n\n<div class=\"et_pb_column_16 et_pb_column et_block_column et_pb_css_mix_blend_mode_passthrough et_flex_column_4_24 et_flex_column_8_24_tablet et_flex_column_12_24_phone\">\n<div class=\"et_pb_image_9 et_pb_image et_pb_module et_flex_module\"><span class=\"et_pb_image_wrap\"><img loading=\"lazy\" decoding=\"async\" src=\"https:\/\/redeentrepares.com\/wp-content\/uploads\/2026\/03\/logos-slide-mondlane.png\" title=\"Logos-diapositiva-Mondlane\" width=\"400\" height=\"220\" srcset=\"https:\/\/redeentrepares.com\/wp-content\/uploads\/2026\/03\/logos-slide-mondlane.png 400w, https:\/\/redeentrepares.com\/wp-content\/uploads\/2026\/03\/logos-slide-mondlane-300x165.png 300w, https:\/\/redeentrepares.com\/wp-content\/uploads\/2026\/03\/logos-slide-mondlane-18x10.png 18w\" sizes=\"(max-width: 400px) 100vw, 400px\" class=\"wp-image-229549\" \/><\/span><\/div>\n<\/div>\n\n<div class=\"et_pb_column_17 et_pb_column et-last-child et_block_column et_pb_css_mix_blend_mode_passthrough et_flex_column_4_24 et_flex_column_8_24_tablet et_flex_column_12_24_phone\">\n<div class=\"et_pb_image_10 et_pb_image et_pb_module et_flex_module\"><span class=\"et_pb_image_wrap\"><img loading=\"lazy\" decoding=\"async\" src=\"https:\/\/redeentrepares.com\/wp-content\/uploads\/2026\/03\/logos-slide-riosus.png\" title=\"logos-diapositiva-riosus\" width=\"400\" height=\"220\" srcset=\"https:\/\/redeentrepares.com\/wp-content\/uploads\/2026\/03\/logos-slide-riosus.png 400w, https:\/\/redeentrepares.com\/wp-content\/uploads\/2026\/03\/logos-slide-riosus-300x165.png 300w, https:\/\/redeentrepares.com\/wp-content\/uploads\/2026\/03\/logos-slide-riosus-18x10.png 18w\" sizes=\"(max-width: 400px) 100vw, 400px\" class=\"wp-image-229551\" \/><\/span><\/div>\n<\/div>\n<\/div>\n<\/div>\n\n<div class=\"et_pb_section_10 et_pb_section et_section_regular et_flex_section\" id=\"intro\">\n<div class=\"et_pb_row_10 et_pb_row et-vb-row--no-module et_flex_row\">\n<div class=\"et_pb_column_18 et_pb_column et-last-child et_flex_column et_pb_column_empty et_pb_css_mix_blend_mode_passthrough et_flex_column_24_24 et_flex_column_24_24_tablet et_flex_column_24_24_phone\"><\/div>\n<\/div>\n<\/div>\n\n<div class=\"et_pb_section_11 et_pb_section et_section_regular et_flex_section\" id=\"intro\">\n<div class=\"et_pb_row_11 et_pb_row et_flex_row\">\n<div class=\"et_pb_column_19 et_pb_column et-last-child et_flex_column et_pb_css_mix_blend_mode_passthrough et_flex_column_24_24 et_flex_column_24_24_tablet et_flex_column_24_24_phone\">\n<div class=\"et_pb_text_6 et_pb_text et_pb_bg_layout_dark et_pb_module et_flex_module\"><div class=\"et_pb_text_inner\"><h2>\u00a1Haz una donaci\u00f3n al proyecto!<\/h2>\n<p class=\"translation-block\">T\u00fa puedes ayudar a que la <b>Red Entrepares<\/b> se implemente en varias comunidades que necesitan atenci\u00f3n en el \u00e1rea de Salud Mental, no solo en Brasil, sino tambi\u00e9n en Mozambique.<\/p>\n<\/div><\/div>\n\n<div class=\"et_pb_module et_pb_button_module_wrapper et_pb_button_3_wrapper\"><a class=\"et_pb_button_3 et_pb_button et_pb_bg_layout_light et_pb_module et_flex_module\" href=\"https:\/\/redeentrepares.com\/es\/?page_id=229370\">Quiero donar<\/a><\/div>\n<\/div>\n<\/div>\n<\/div>\n\n<div class=\"et_pb_section_12 et_pb_section et_section_regular et_flex_section\">\n<div class=\"et_pb_row_12 et_pb_row et_flex_row\">\n<div class=\"et_pb_column_20 et_pb_column et-last-child et_flex_column et_pb_css_mix_blend_mode_passthrough et_flex_column_24_24 et_flex_column_24_24_tablet et_flex_column_24_24_phone\">\n<div class=\"et_pb_image_11 et_pb_image et_pb_module et_flex_module\"><a href=\"data:image\/svg+xml;base64,PHN2ZyB3aWR0aD0iMTA4MCIgaGVpZ2h0PSI1NDAiIHZpZXdCb3g9IjAgMCAxMDgwIDU0MCIgeG1sbnM9Imh0dHA6Ly93d3cudzMub3JnLzIwMDAvc3ZnIj4KICAgIDxnIGZpbGw9Im5vbmUiIGZpbGwtcnVsZT0iZXZlbm9kZCI+CiAgICAgICAgPHBhdGggZmlsbD0iI0VCRUJFQiIgZD0iTTAgMGgxMDgwdjU0MEgweiIvPgogICAgICAgIDxwYXRoIGQ9Ik00NDUuNjQ5IDU0MGgtOTguOTk1TDE0NC42NDkgMzM3Ljk5NSAwIDQ4Mi42NDR2LTk4Ljk5NWwxMTYuMzY1LTExNi4zNjVjMTUuNjItMTUuNjIgNDAuOTQ3LTE1LjYyIDU2LjU2OCAwTDQ0NS42NSA1NDB6IiBmaWxsLW9wYWNpdHk9Ii4xIiBmaWxsPSIjMDAwIiBmaWxsLXJ1bGU9Im5vbnplcm8iLz4KICAgICAgICA8Y2lyY2xlIGZpbGwtb3BhY2l0eT0iLjA1IiBmaWxsPSIjMDAwIiBjeD0iMzMxIiBjeT0iMTQ4IiByPSI3MCIvPgogICAgICAgIDxwYXRoIGQ9Ik0xMDgwIDM3OXYxMTMuMTM3TDcyOC4xNjIgMTQwLjMgMzI4LjQ2MiA1NDBIMjE1LjMyNEw2OTkuODc4IDU1LjQ0NmMxNS42Mi0xNS42MiA0MC45NDgtMTUuNjIgNTYuNTY4IDBMMTA4MCAzNzl6IiBmaWxsLW9wYWNpdHk9Ii4yIiBmaWxsPSIjMDAwIiBmaWxsLXJ1bGU9Im5vbnplcm8iLz4KICAgIDwvZz4KPC9zdmc+Cg==\" class=\"et_pb_lightbox_image\"><span class=\"et_pb_image_wrap\"><img decoding=\"async\" src=\"data:image\/svg+xml;base64,PHN2ZyB3aWR0aD0iMTA4MCIgaGVpZ2h0PSI1NDAiIHZpZXdCb3g9IjAgMCAxMDgwIDU0MCIgeG1sbnM9Imh0dHA6Ly93d3cudzMub3JnLzIwMDAvc3ZnIj4KICAgIDxnIGZpbGw9Im5vbmUiIGZpbGwtcnVsZT0iZXZlbm9kZCI+CiAgICAgICAgPHBhdGggZmlsbD0iI0VCRUJFQiIgZD0iTTAgMGgxMDgwdjU0MEgweiIvPgogICAgICAgIDxwYXRoIGQ9Ik00NDUuNjQ5IDU0MGgtOTguOTk1TDE0NC42NDkgMzM3Ljk5NSAwIDQ4Mi42NDR2LTk4Ljk5NWwxMTYuMzY1LTExNi4zNjVjMTUuNjItMTUuNjIgNDAuOTQ3LTE1LjYyIDU2LjU2OCAwTDQ0NS42NSA1NDB6IiBmaWxsLW9wYWNpdHk9Ii4xIiBmaWxsPSIjMDAwIiBmaWxsLXJ1bGU9Im5vbnplcm8iLz4KICAgICAgICA8Y2lyY2xlIGZpbGwtb3BhY2l0eT0iLjA1IiBmaWxsPSIjMDAwIiBjeD0iMzMxIiBjeT0iMTQ4IiByPSI3MCIvPgogICAgICAgIDxwYXRoIGQ9Ik0xMDgwIDM3OXYxMTMuMTM3TDcyOC4xNjIgMTQwLjMgMzI4LjQ2MiA1NDBIMjE1LjMyNEw2OTkuODc4IDU1LjQ0NmMxNS42Mi0xNS42MiA0MC45NDgtMTUuNjIgNTYuNTY4IDBMMTA4MCAzNzl6IiBmaWxsLW9wYWNpdHk9Ii4yIiBmaWxsPSIjMDAwIiBmaWxsLXJ1bGU9Im5vbnplcm8iLz4KICAgIDwvZz4KPC9zdmc+Cg==\" \/><\/span><\/a><\/div>\n\n<div class=\"et_pb_code_0 et_pb_code et_pb_module\"><div class=\"et_pb_code_inner\"><script>\njQuery(document).ready(function($) {\n    \/* 1. Procuramos cada m\u00f3dulo que tem a classe video-popup individualmente *\/\n    $('.video-popup').each(function() {\n        var $moduloDivi = $(this);\n        \n        \/* 2. Encontramos o link (tag <a>) dentro deste m\u00f3dulo espec\u00edfico *\/\n        var $link = $moduloDivi.find('a').length ? $moduloDivi.find('a') : $moduloDivi;\n\n        \/* 3. Lemos os atributos que voc\u00ea inseriu no back-end do Divi *\/\n        var titulo = $moduloDivi.attr('data-title') || '';\n        var descricao = $moduloDivi.attr('data-desc') || '';\n\n        \/* 4. Ativamos o popup no link encontrado *\/\n        $link.magnificPopup({\n            type: 'iframe',\n            mainClass: 'mfp-fade mfp-custom-video',\n            removalDelay: 160,\n            preloader: false,\n            fixedContentPos: false,\n            callbacks: {\n                open: function() {\n                    \/* 5. Montamos a estrutura do texto *\/\n                    var htmlInfo = '<div class=\"video-popup-info\">' +\n                                   '<h3 class=\"video-popup-title\">' + titulo + '<\/h3>' +\n                                   '<p class=\"video-popup-desc\">' + descricao + '<\/p>' +\n                                   '<\/div>';\n                    \n                    \/* 6. Anexamos o texto ao container principal do v\u00eddeo (this.content) *\/\n                    this.content.append(htmlInfo);\n                }\n            }\n        });\n    });\n});\n<\/script><\/div><\/div>\n<\/div>\n<\/div>\n<\/div>","protected":false},"excerpt":{"rendered":"","protected":false},"author":1,"featured_media":0,"parent":0,"menu_order":0,"comment_status":"closed","ping_status":"closed","template":"","meta":{"footnotes":""},"class_list":["post-228775","page","type-page","status-publish","hentry","page_category-content"],"_links":{"self":[{"href":"https:\/\/redeentrepares.com\/es\/wp-json\/wp\/v2\/pages\/228775","targetHints":{"allow":["GET"]}}],"collection":[{"href":"https:\/\/redeentrepares.com\/es\/wp-json\/wp\/v2\/pages"}],"about":[{"href":"https:\/\/redeentrepares.com\/es\/wp-json\/wp\/v2\/types\/page"}],"author":[{"embeddable":true,"href":"https:\/\/redeentrepares.com\/es\/wp-json\/wp\/v2\/users\/1"}],"replies":[{"embeddable":true,"href":"https:\/\/redeentrepares.com\/es\/wp-json\/wp\/v2\/comments?post=228775"}],"version-history":[{"count":1,"href":"https:\/\/redeentrepares.com\/es\/wp-json\/wp\/v2\/pages\/228775\/revisions"}],"predecessor-version":[{"id":230179,"href":"https:\/\/redeentrepares.com\/es\/wp-json\/wp\/v2\/pages\/228775\/revisions\/230179"}],"wp:attachment":[{"href":"https:\/\/redeentrepares.com\/es\/wp-json\/wp\/v2\/media?parent=228775"}],"curies":[{"name":"wp","href":"https:\/\/api.w.org\/{rel}","templated":true}]}}