{"id":229849,"date":"2026-04-02T08:59:35","date_gmt":"2026-04-02T11:59:35","guid":{"rendered":"https:\/\/redeentrepares.com\/?page_id=229849"},"modified":"2026-04-15T15:47:31","modified_gmt":"2026-04-15T18:47:31","slug":"venha-fazer-parte-da-rede-entrepares","status":"publish","type":"page","link":"https:\/\/redeentrepares.com\/en\/venha-fazer-parte-da-rede-entrepares\/","title":{"rendered":"Come join the Entrepares Network!"},"content":{"rendered":"<h5>Se voc\u00ea se identifica com esse projeto ou deseja indicar algu\u00e9m, entre em contato conosco!<\/h5>\n<p>\u2022 <strong>Dr. Leonardo Palmeira<\/strong> (Pesquisador respons\u00e1vel).<br \/>\n\u2022 <strong>Dra. Maria Tavares Cavalcanti e Dra. Nat\u00e1lia Bezerra Mota<\/strong> (Pesquisadoras orientadoras).<\/p>\n<hr class=\"my-hr-dashed\" \/>\n\u2022 <i class=\"fa-solid fa-phone-volume\"><\/i> \u2013 <strong>Telefone:<\/strong> \u202d+55 (21) 2439-4269\u202c<br \/>\n\u2022 <i class=\"fa-brands fa-instagram\"><\/i> \u2013 <strong>Instagram:<\/strong> @redeentrepares<br \/>\n\u2022 <i class=\"fa-solid fa-map-location-dot\"><\/i> \u2013 <strong>Endere\u00e7o do IPUB:<\/strong> Av. Venceslau Br\u00e1s, 71 &#8211; Fundos &#8211; Campus da UFRJ, Praia Vermelha \u2022 Botafogo &#8211; Rio de Janeiro, Brasil.<\/p>\n<hr class=\"my-hr-dashed\" \/>\n<h6>Se preferir, preencha o formul\u00e1rio a seguir que em breve retornaremos a sua mensagem.<\/h6>\n<hr class=\"my-hr-dashed\" \/>\n<div class=\"everest-forms\"><div class=\"evf-container my-evf-form default\" id=\"evf-229839\"><form id=\"evf-form-229839\" class=\"everest-form\" data-formid=\"229839\" data-ajax_submission=\"0\" data-keyboard_friendly_form=\"0\" data-form_state_type=\"\" method=\"post\" enctype=\"multipart\/form-data\" action=\"\/en\/wp-json\/wp\/v2\/pages\/229849\"><div class=\"evf-field-container\"><input type=\"hidden\" id=\"_wpnonce229839\" name=\"_wpnonce229839\" value=\"5375a6c5b4\" \/><input type=\"hidden\" name=\"_wp_http_referer\" value=\"\/en\/wp-json\/wp\/v2\/pages\/229849\" \/><div class=\"evf-frontend-row\" data-row=\"row_1\" conditional_rules=\"[]\"><div class=\"evf-frontend-grid evf-grid-2\" data-grid=\"grid_1\"><div id=\"evf-229839-field_fullname-container\" class=\"evf-field evf-field-text form-row validate-required\" data-required-field-message=\"Este campo \u00e9 obrigat\u00f3rio.\" data-field-id=\"fullname\"><label class=\"evf-field-label\" for=\"evf-229839-field_fullname\"><span class=\"evf-label\">Nome completo:<\/span> <abbr class=\"required\" title=\"Required\">*<\/abbr><\/label><input type=\"text\" id=\"evf-229839-field_fullname\" class=\"input-text\" name=\"everest_forms[form_fields][fullname]\" placeholder=\"Digite o seu nome completo\" required><\/div><div id=\"evf-229839-field_email-container\" class=\"evf-field evf-field-email form-row validate-required validate-email\" data-required-field-message=\"Por favor, insira um endere\u00e7o de e-mail v\u00e1lido.\" data-field-id=\"email\"><label class=\"evf-field-label\" for=\"evf-229839-field_email\"><span class=\"evf-label\">Email para contato:<\/span> <abbr class=\"required\" title=\"Required\">*<\/abbr><\/label><input type=\"email\" id=\"evf-229839-field_email\" class=\"input-text\" name=\"everest_forms[form_fields][email]\" placeholder=\"Digite um endere\u00e7o de e-mail para contato\" required ><\/div><div id=\"evf-229839-field_MqjMYVRXL6-1-container\" class=\"evf-field evf-field-text form-row\" data-field-id=\"MqjMYVRXL6-1\"><label class=\"evf-field-label\" for=\"evf-229839-field_MqjMYVRXL6-1\"><span class=\"evf-label\">Telefone para contato (opcional):<\/span> <\/label><input type=\"text\" id=\"evf-229839-field_MqjMYVRXL6-1\" class=\"input-text evf-masked-input\" data-inputmask-mask=\"+99 (99) 9 9999-9999\" name=\"everest_forms[form_fields][MqjMYVRXL6-1]\" placeholder=\"Digite um n\u00famero para contato.\" ><div class=\"evf-field-description\">*Insira o c\u00f3digo do pa\u00eds, o da cidade e o seu n\u00famero. Para telefones fixos (de apenas 8 d\u00edgitos) inserir o 0 no in\u00edcio.<\/div><\/div><div id=\"evf-229839-field_1OGJptMMcw-3-container\" class=\"evf-field evf-field-hcaptcha form-row\" data-field-id=\"1OGJptMMcw-3\"><label class=\"evf-field-label\" for=\"evf-229839-field_1OGJptMMcw-3\"><span class=\"evf-label\">hCaptcha<\/span> <\/label><div class=\"evf-recaptcha-container\" style=\"display:block\"><div class=\"g-recaptcha\" data-sitekey=\"aa3f7e48-9a58-4e79-aca2-c30cffd11d97\"><\/div><input type=\"text\" name=\"g-recaptcha-hidden\" class=\"evf-recaptcha-hidden\" style=\"position:absolute!important;clip:rect(0,0,0,0)!important;height:1px!important;width:1px!important;border:0!important;overflow:hidden!important;padding:0!important;margin:0!important;\" required><\/div><\/div><\/div><div class=\"evf-frontend-grid evf-grid-2\" data-grid=\"grid_2\"><div id=\"evf-229839-field_subject-container\" class=\"evf-field evf-field-text form-row validate-required\" data-required-field-message=\"Este campo \u00e9 obrigat\u00f3rio.\" data-field-id=\"subject\"><label class=\"evf-field-label\" for=\"evf-229839-field_subject\"><span class=\"evf-label\">Assunto:<\/span> <abbr class=\"required\" title=\"Required\">*<\/abbr><\/label><input type=\"text\" id=\"evf-229839-field_subject\" class=\"input-text\" name=\"everest_forms[form_fields][subject]\" placeholder=\"Sobre o que voc\u00ea quer falar?\" required><\/div><div id=\"evf-229839-field_message-container\" class=\"evf-field evf-field-textarea form-row validate-required\" data-required-field-message=\"Este campo \u00e9 obrigat\u00f3rio.\" data-field-id=\"message\"><label class=\"evf-field-label\" for=\"evf-229839-field_message\"><span class=\"evf-label\">Mensagem:<\/span> <abbr class=\"required\" title=\"Required\">*<\/abbr><\/label><textarea id=\"evf-229839-field_message\" class=\"input-text\" name=\"everest_forms[form_fields][message]\" placeholder=\"Deixe aqui a sua mensagem, procure ser breve e objetivo!\" required ><\/textarea><\/div><\/div><\/div><\/div><div class=\"evf-honeypot-container evf-field-hp\"><label for=\"evf-229839-field-hp\" class=\"evf-field-label\">Message<\/label><input type=\"text\" name=\"everest_forms[hp]\" id=\"evf-229839-field-hp\" class=\"input-text\"><\/div><div class=\"evf-submit-container \" ><input type=\"hidden\" name=\"everest_forms[id]\" value=\"229839\"><input type=\"hidden\" name=\"everest_forms[author]\" value=\"1\"><button type='submit' name='everest_forms[submit]' class='everest-forms-submit-button button evf-submit my-evf-submit' id='evf-submit-229839' value='evf-submit' data-process-text=\"Processando\u2026\" conditional_rules='&quot;&quot;' conditional_id='evf-submit-229839'  id=\"evf-submit-229839\" aria-live=\"assertive\">Enviar mensagem<\/button><\/div><\/form><\/div><!-- .evf-container --><\/div><\/p>\n","protected":false},"excerpt":{"rendered":"<p>Se voc\u00ea se identifica com esse projeto ou deseja indicar algu\u00e9m, entre em contato conosco! \u2022 Dr. Leonardo Palmeira (Pesquisador respons\u00e1vel). \u2022 Dra. Maria Tavares Cavalcanti e Dra. Nat\u00e1lia Bezerra Mota (Pesquisadoras orientadoras). \u2022 \u2013 Telefone: \u202d+55 (21) 2439-4269\u202c \u2022 \u2013 Instagram: @redeentrepares \u2022 \u2013 Endere\u00e7o do IPUB: Av. Venceslau Br\u00e1s, 71 &#8211; Fundos &#8211; [&hellip;]<\/p>\n","protected":false},"author":1,"featured_media":229772,"parent":0,"menu_order":2,"comment_status":"closed","ping_status":"closed","template":"","meta":{"footnotes":""},"class_list":["post-229849","page","type-page","status-publish","has-post-thumbnail","hentry","page_category-content"],"_links":{"self":[{"href":"https:\/\/redeentrepares.com\/en\/wp-json\/wp\/v2\/pages\/229849","targetHints":{"allow":["GET"]}}],"collection":[{"href":"https:\/\/redeentrepares.com\/en\/wp-json\/wp\/v2\/pages"}],"about":[{"href":"https:\/\/redeentrepares.com\/en\/wp-json\/wp\/v2\/types\/page"}],"author":[{"embeddable":true,"href":"https:\/\/redeentrepares.com\/en\/wp-json\/wp\/v2\/users\/1"}],"replies":[{"embeddable":true,"href":"https:\/\/redeentrepares.com\/en\/wp-json\/wp\/v2\/comments?post=229849"}],"version-history":[{"count":1,"href":"https:\/\/redeentrepares.com\/en\/wp-json\/wp\/v2\/pages\/229849\/revisions"}],"predecessor-version":[{"id":230186,"href":"https:\/\/redeentrepares.com\/en\/wp-json\/wp\/v2\/pages\/229849\/revisions\/230186"}],"wp:featuredmedia":[{"embeddable":true,"href":"https:\/\/redeentrepares.com\/en\/wp-json\/wp\/v2\/media\/229772"}],"wp:attachment":[{"href":"https:\/\/redeentrepares.com\/en\/wp-json\/wp\/v2\/media?parent=229849"}],"curies":[{"name":"wp","href":"https:\/\/api.w.org\/{rel}","templated":true}]}}