{"id":229226,"date":"2026-03-03T15:34:28","date_gmt":"2026-03-03T18:34:28","guid":{"rendered":"http:\/\/divi-5-playground.local\/?page_id=229226"},"modified":"2026-04-15T15:47:59","modified_gmt":"2026-04-15T18:47:59","slug":"equipe","status":"publish","type":"page","link":"https:\/\/redeentrepares.com\/en\/equipe\/","title":{"rendered":"Team"},"content":{"rendered":"<div class=\"et_pb_section_0 et_pb_section et_section_regular et_flex_section\">\n<div class=\"et_pb_row_0 et_pb_row et_flex_row\">\n<div class=\"et_pb_column_0 et_pb_column et-last-child et_flex_column et_pb_css_mix_blend_mode_passthrough et_flex_column_24_24 et_flex_column_24_24_tablet et_flex_column_24_24_phone\">\n<div class=\"et_pb_text_0 et_pb_text et_pb_bg_layout_light et_pb_module et_flex_module\"><div class=\"et_pb_text_inner\"><h3>Academic Researchers \/\/ Responsible:<\/h3>\n<\/div><\/div>\n<\/div>\n<\/div>\n\n<div class=\"et_pb_row_1 et_pb_row et_flex_row\">\n<div class=\"et_pb_column_1 et_pb_column et-last-child et_flex_column et_pb_css_mix_blend_mode_passthrough et_flex_column_24_24 et_flex_column_24_24_tablet et_flex_column_24_24_phone\">\n<div class=\"et_pb_team_member_0 et_pb_team_member et_pb_bg_layout_light et_pb_module et_flex_module\"><div class=\"et_pb_team_member_image et-waypoint et_pb_animation_off\"><img loading=\"lazy\" decoding=\"async\" src=\"https:\/\/redeentrepares.com\/wp-content\/uploads\/2026\/03\/redeentrepares-team-leonardo.jpg\" alt=\"Leonardo Palmeira\" width=\"1080\" height=\"1080\" srcset=\"https:\/\/redeentrepares.com\/wp-content\/uploads\/2026\/03\/redeentrepares-team-leonardo.jpg 1080w, https:\/\/redeentrepares.com\/wp-content\/uploads\/2026\/03\/redeentrepares-team-leonardo-980x980.jpg 980w, https:\/\/redeentrepares.com\/wp-content\/uploads\/2026\/03\/redeentrepares-team-leonardo-480x480.jpg 480w\" sizes=\"(min-width: 0px) and (max-width: 480px) 480px, (min-width: 481px) and (max-width: 980px) 980px, (min-width: 981px) 1080px, 100vw\" class=\"wp-image-229637\" title=\"team\" \/><\/div><div class=\"et_pb_team_member_description\"><h4 class=\"et_pb_module_header\">Leonardo Palmeira<\/h4><p class=\"et_pb_member_position\">Rio de Janeiro \u2013 Brazil<\/p><div class=\"et_pb_team_member_description_content\"><p class=\"p1\">Faculty of Medicine at the Federal University of Rio de Janeiro (UFRJ). Psychiatry by the Ministry of Health (Instituto Philippe Pinel-RJ). Master's degree in Psychiatry from the Institute of Psychiatry at UFRJ. PhD student at the Institute of Psychiatry at UFRJ. Participant of the technical team of the Entrela\u00e7os Program (IPUB-UFRJ) since 2011. Has experience in the field of Psychiatry, working on the following topics: community psychiatry, family psychoeducation, psychiatric rehabilitation, health education. Editor of the portal Understanding Schizophrenia and author of the book \u201cUnderstanding Schizophrenia: how can the family help with treatment?\u201d.<\/p>\n<p><i class=\"fa-solid fa-up-right-from-square my-fa\"><\/i><strong>Lattes:<\/strong> <a href=\"https:\/\/lattes.cnpq.br\/5211646958504253\" target=\"_blank\" \/>https:\/\/lattes.cnpq.br\/5211646958504253<\/a><\/p>\n<\/div><\/div><\/div>\n<\/div>\n<\/div>\n\n<div class=\"et_pb_row_2 et_pb_row et_flex_row\">\n<div class=\"et_pb_column_2 et_pb_column et-last-child et_flex_column et_pb_css_mix_blend_mode_passthrough et_flex_column_24_24 et_flex_column_24_24_tablet et_flex_column_24_24_phone\">\n<div class=\"et_pb_team_member_1 et_pb_team_member et_pb_bg_layout_light et_pb_module et_flex_module\"><div class=\"et_pb_team_member_image et-waypoint et_pb_animation_off\"><img loading=\"lazy\" decoding=\"async\" src=\"https:\/\/redeentrepares.com\/wp-content\/uploads\/2026\/03\/redeentrepares-team-dirceu-mabunda.jpg\" alt=\"Dirceu Henrique Paulo Mabunda\" width=\"1080\" height=\"1080\" srcset=\"https:\/\/redeentrepares.com\/wp-content\/uploads\/2026\/03\/redeentrepares-team-dirceu-mabunda.jpg 1080w, https:\/\/redeentrepares.com\/wp-content\/uploads\/2026\/03\/redeentrepares-team-dirceu-mabunda-980x980.jpg 980w, https:\/\/redeentrepares.com\/wp-content\/uploads\/2026\/03\/redeentrepares-team-dirceu-mabunda-480x480.jpg 480w\" sizes=\"(min-width: 0px) and (max-width: 480px) 480px, (min-width: 481px) and (max-width: 980px) 980px, (min-width: 981px) 1080px, 100vw\" class=\"wp-image-229633\" title=\"redeentrepares-team-dirceu-mabunda\" \/><\/div><div class=\"et_pb_team_member_description\"><h4 class=\"et_pb_module_header\">Dirceu Henrique Paulo Mabunda<\/h4><p class=\"et_pb_member_position\">Maputo \u2013 Mozambique<\/p><div class=\"et_pb_team_member_description_content\"><p class=\"p1\">Psychiatrist (2016) and Forensic Psychiatrist (2024). Head of the Psychiatry and Mental Health Service at Mavalane General Hospital. PhD in Psychiatry and Medical Psychology from the Federal University of S\u00e3o Paulo- Brazil (2022). Master's degree in Neurosciences from the University of Minho- Portugal (2014). Degree in General Medicine, from the Faculty of Medicine of the Eduardo Mondlane University (2008). President of the National Council for the Colleges of Medical Specialties of the Order of Doctors of Mozambique.<\/p>\n<p>Areas of interest: Dementias; Forensic Sciences; Psychoses; Global Mental Health; Mental Health Implementation Research; Addition; Mental Health in the workplace.<\/p>\n<p><i class=\"fa-solid fa-up-right-from-square my-fa\"><\/i><strong>Lattes:<\/strong> <a href=\"https:\/\/lattes.cnpq.br\/5211646958504253\" target=\"_blank\" \/>https:\/\/lattes.cnpq.br\/6508265698847415<\/a><\/p>\n<\/div><\/div><\/div>\n<\/div>\n<\/div>\n\n<div class=\"et_pb_row_3 et_pb_row et_flex_row\">\n<div class=\"et_pb_column_3 et_pb_column et-last-child et_flex_column et_pb_css_mix_blend_mode_passthrough et_flex_column_24_24 et_flex_column_24_24_tablet et_flex_column_24_24_phone\">\n<div class=\"et_pb_text_1 et_pb_text et_pb_bg_layout_light et_pb_module et_flex_module\"><div class=\"et_pb_text_inner\"><h3>Academic Researchers \/\/ Supervisors:<\/h3>\n<\/div><\/div>\n<\/div>\n<\/div>\n\n<div class=\"et_pb_row_4 et_pb_row et_flex_row\">\n<div class=\"et_pb_column_4 et_pb_column et-last-child et_flex_column et_pb_css_mix_blend_mode_passthrough et_flex_column_24_24 et_flex_column_24_24_tablet et_flex_column_24_24_phone\">\n<div class=\"et_pb_team_member_2 et_pb_team_member et_pb_bg_layout_light et_pb_module et_flex_module\"><div class=\"et_pb_team_member_image et-waypoint et_pb_animation_off\"><img loading=\"lazy\" decoding=\"async\" src=\"https:\/\/redeentrepares.com\/wp-content\/uploads\/2026\/03\/redeentrepares-team-maria.jpg\" alt=\"Maria Tavares Cavalcanti\" width=\"1080\" height=\"1080\" srcset=\"https:\/\/redeentrepares.com\/wp-content\/uploads\/2026\/03\/redeentrepares-team-maria.jpg 1080w, https:\/\/redeentrepares.com\/wp-content\/uploads\/2026\/03\/redeentrepares-team-maria-980x980.jpg 980w, https:\/\/redeentrepares.com\/wp-content\/uploads\/2026\/03\/redeentrepares-team-maria-480x480.jpg 480w\" sizes=\"(min-width: 0px) and (max-width: 480px) 480px, (min-width: 481px) and (max-width: 980px) 980px, (min-width: 981px) 1080px, 100vw\" class=\"wp-image-229638\" title=\"team-.afphoto\" \/><\/div><div class=\"et_pb_team_member_description\"><h4 class=\"et_pb_module_header\">Maria Tavares Cavalcanti<\/h4><p class=\"et_pb_member_position\">Rio de Janeiro \u2013 Brazil<\/p><div class=\"et_pb_team_member_description_content\"><p>Faculty of Medicine at the State University of Rio de Janeiro (UERJ). Master's degree in Psychiatry, Psychoanalysis and Mental Health from UFRJ. PhD in Psychiatry, Psychoanalysis and Mental Health from UFRJ. Post-doctorate in the area of \u200b\u200bpsychiatric epidemiology at Columbia University, New York. Full professor at the Department of Psychiatry and Legal Medicine at the Faculty of Medicine at UFRJ. Director of the Institute of Psychiatry at UFRJ from 2010-2018. He has experience in the area of \u200b\u200bMedicine, with an emphasis on Psychiatry, working mainly on the following topics: mental health, mental illness, psychosis and deinstitutionalization.<\/p>\n<p>Since 2015, he has coordinated the mental health medicine internship at UFRJ, where, together with colleagues, he has been building an innovative proposal for integration between the Mental Health Internship and the Family and Community Medicine Internship, focusing on the training of general practitioners in mental health from primary health care.<\/p>\n<p>Due to the need for specialized training for the management of the UFRJ Institute of Psychiatry (direction), he completed a specialization course in public controllership and management at FACC UFRJ in 2012. He also completed a specialization course in Family Medicine in the Community in 2022.<\/p>\n<p><i class=\"fa-solid fa-up-right-from-square my-fa\"><\/i><strong>Lattes:<\/strong> <a href=\"https:\/\/lattes.cnpq.br\/5211646958504253\" target=\"_blank\" \/>https:\/\/lattes.cnpq.br\/2016528267101032<\/a><\/p>\n<\/div><\/div><\/div>\n<\/div>\n<\/div>\n\n<div class=\"et_pb_row_5 et_pb_row et_flex_row\">\n<div class=\"et_pb_column_5 et_pb_column et-last-child et_flex_column et_pb_css_mix_blend_mode_passthrough et_flex_column_24_24 et_flex_column_24_24_tablet et_flex_column_24_24_phone\">\n<div class=\"et_pb_team_member_3 et_pb_team_member et_pb_bg_layout_light et_pb_module et_flex_module\"><div class=\"et_pb_team_member_image et-waypoint et_pb_animation_off\"><img loading=\"lazy\" decoding=\"async\" src=\"https:\/\/redeentrepares.com\/wp-content\/uploads\/2026\/03\/redeentrepares-team-natalia.jpg\" alt=\"Nat\u00e1lia Bezerra Mota\" width=\"1080\" height=\"1080\" srcset=\"https:\/\/redeentrepares.com\/wp-content\/uploads\/2026\/03\/redeentrepares-team-natalia.jpg 1080w, https:\/\/redeentrepares.com\/wp-content\/uploads\/2026\/03\/redeentrepares-team-natalia-980x980.jpg 980w, https:\/\/redeentrepares.com\/wp-content\/uploads\/2026\/03\/redeentrepares-team-natalia-480x480.jpg 480w\" sizes=\"(min-width: 0px) and (max-width: 480px) 480px, (min-width: 481px) and (max-width: 980px) 980px, (min-width: 981px) 1080px, 100vw\" class=\"wp-image-229690\" title=\"team-.afphoto\" \/><\/div><div class=\"et_pb_team_member_description\"><h4 class=\"et_pb_module_header\">Nat\u00e1lia Bezerra Mota<\/h4><p class=\"et_pb_member_position\">Rio de Janeiro \u2013 Brazil<\/p><div class=\"et_pb_team_member_description_content\"><p>Faculty of Medicine at the Federal University of Rio Grande do Norte (UFRN). Master's degree in Neuroscience from the Neuroscience Program at UFRN. PhD in Neurosciences from the Neurosciences Program at UFRN. Postdoctoral in the same program. Post-doctorate from the Department of Physics at the Federal University of Pernambuco (UFPE). Works on the following topics: language, graphs, diagnosis, cognitive development, schizophrenia, dreams, EEG.<\/p>\n<p>Develops computational strategies to identify signs of mental distress in speech, for formal education in the cognitive development of children at school, in addition to computationally studying dream reports and neural correlates associated with the processing of affective memories at the onset of sleep.<\/p>\n<p><i class=\"fa-solid fa-up-right-from-square my-fa\"><\/i><strong>Lattes:<\/strong> <a href=\"https:\/\/lattes.cnpq.br\/5211646958504253\" target=\"_blank\" \/>https:\/\/lattes.cnpq.br\/0218733015647416<\/a><\/p>\n<\/div><\/div><\/div>\n<\/div>\n<\/div>\n\n<div class=\"et_pb_row_6 et_pb_row et_flex_row\">\n<div class=\"et_pb_column_6 et_pb_column et-last-child et_flex_column et_pb_css_mix_blend_mode_passthrough et_flex_column_24_24 et_flex_column_24_24_tablet et_flex_column_24_24_phone\">\n<div class=\"et_pb_text_2 et_pb_text et_pb_bg_layout_light et_pb_module et_flex_module\"><div class=\"et_pb_text_inner\"><h3>Academic Researchers \/\/ Assistants:<\/h3>\n<\/div><\/div>\n<\/div>\n<\/div>\n\n<div class=\"et_pb_row_7 et_pb_row et_flex_row\">\n<div class=\"et_pb_column_7 et_pb_column et-last-child et_flex_column et_pb_css_mix_blend_mode_passthrough et_flex_column_24_24 et_flex_column_24_24_tablet et_flex_column_24_24_phone\">\n<div class=\"et_pb_team_member_4 et_pb_team_member et_pb_bg_layout_light et_pb_module et_flex_module\"><div class=\"et_pb_team_member_image et-waypoint et_pb_animation_off\"><img loading=\"lazy\" decoding=\"async\" src=\"https:\/\/redeentrepares.com\/wp-content\/uploads\/2026\/03\/redeentrepares-team-alexandre.jpg\" alt=\"Alexandre Lins Keusen\" width=\"1080\" height=\"1080\" srcset=\"https:\/\/redeentrepares.com\/wp-content\/uploads\/2026\/03\/redeentrepares-team-alexandre.jpg 1080w, https:\/\/redeentrepares.com\/wp-content\/uploads\/2026\/03\/redeentrepares-team-alexandre-980x980.jpg 980w, https:\/\/redeentrepares.com\/wp-content\/uploads\/2026\/03\/redeentrepares-team-alexandre-480x480.jpg 480w\" sizes=\"(min-width: 0px) and (max-width: 480px) 480px, (min-width: 481px) and (max-width: 980px) 980px, (min-width: 981px) 1080px, 100vw\" class=\"wp-image-229632\" title=\"team\" \/><\/div><div class=\"et_pb_team_member_description\"><h4 class=\"et_pb_module_header\">Alexandre Lins Keusen<\/h4><p class=\"et_pb_member_position\">Rio de Janeiro \u2013 Brazil<\/p><div class=\"et_pb_team_member_description_content\"><p>Faculty of Medicine at UNIRIO. Specialization in Family Therapy. Master's and Doctorate at the Institute of Psychiatry at UFRJ. Professionally, he worked from 1981 to 1987 as a psychiatrist at Pinel Hospital, during which time he was Coordinator of the Medical Residency. In 1987 he was transferred to the Col\u00f4nia Juliano Moreira, at the Jurandir Mandredini Hospital and, later, in the Planning sector, coordinating a psychiatric reform project. From 1989 to 2007 he was Director of the Rio de Janeiro Psychiatric Center.<\/p>\n<p>Since 2008, he has coordinated the Family Therapy Sector at the UFRJ Institute of Psychiatry and since 2011, he has coordinated the Entrela\u00e7os Program.<\/p>\n<p><i class=\"fa-solid fa-up-right-from-square my-fa\"><\/i><strong>Lattes:<\/strong> <a href=\"https:\/\/lattes.cnpq.br\/5211646958504253\" target=\"_blank\" \/>https:\/\/lattes.cnpq.br\/8522446102146353<\/a><\/p>\n<\/div><\/div><\/div>\n<\/div>\n<\/div>\n\n<div class=\"et_pb_row_8 et_pb_row et_flex_row\">\n<div class=\"et_pb_column_8 et_pb_column et-last-child et_flex_column et_pb_css_mix_blend_mode_passthrough et_flex_column_24_24 et_flex_column_24_24_tablet et_flex_column_24_24_phone\">\n<div class=\"et_pb_team_member_5 et_pb_team_member et_pb_bg_layout_light et_pb_module et_flex_module\"><div class=\"et_pb_team_member_image et-waypoint et_pb_animation_off\"><img loading=\"lazy\" decoding=\"async\" src=\"https:\/\/redeentrepares.com\/wp-content\/uploads\/2026\/03\/redeentrepares-team-elias.jpg\" alt=\"Elias Carim Neto\" width=\"1080\" height=\"1080\" srcset=\"https:\/\/redeentrepares.com\/wp-content\/uploads\/2026\/03\/redeentrepares-team-elias.jpg 1080w, https:\/\/redeentrepares.com\/wp-content\/uploads\/2026\/03\/redeentrepares-team-elias-980x980.jpg 980w, https:\/\/redeentrepares.com\/wp-content\/uploads\/2026\/03\/redeentrepares-team-elias-480x480.jpg 480w\" sizes=\"(min-width: 0px) and (max-width: 480px) 480px, (min-width: 481px) and (max-width: 980px) 980px, (min-width: 981px) 1080px, 100vw\" class=\"wp-image-229634\" title=\"team\" \/><\/div><div class=\"et_pb_team_member_description\"><h4 class=\"et_pb_module_header\">Elias Carim Neto<\/h4><p class=\"et_pb_member_position\">Rio de Janeiro \u2013 Brazil<\/p><div class=\"et_pb_team_member_description_content\"><p>Graduated in Medicine from the Federal University of Rio de Janeiro. Postgraduate in Psychiatry from the State University of Rio de Janeiro, in Training for CAPS Workers of the State of Rio de Janeiro from the Federal University of Rio de Janeiro, in Psychosocial Rehabilitation from the Municipal Health Department of Rio de Janeiro. Coordination of the Harmonia Day Hospital of the Rio de Janeiro Psychiatric Center \u2013 Rio de Janeiro State Department of Health (1998 to 2015). Tripartite Coordinator (CPRJ\/IPUB\/Funda\u00e7\u00e3o Le\u00e3o XIII) of the Psychosocial Care Program for the homeless population with severe mental disorders (2000-2015).<\/p>\n<p>Participant of the technical team of the Entrela\u00e7os Program since 2016.<\/p>\n<p><i class=\"fa-solid fa-up-right-from-square my-fa\"><\/i><strong>Lattes:<\/strong> <a href=\"https:\/\/lattes.cnpq.br\/5211646958504253\" target=\"_blank\" \/>https:\/\/lattes.cnpq.br\/8587880500104862<\/a><\/p>\n<\/div><\/div><\/div>\n<\/div>\n<\/div>\n\n<div class=\"et_pb_row_9 et_pb_row et_flex_row\">\n<div class=\"et_pb_column_9 et_pb_column et-last-child et_flex_column et_pb_css_mix_blend_mode_passthrough et_flex_column_24_24 et_flex_column_24_24_tablet et_flex_column_24_24_phone\">\n<div class=\"et_pb_team_member_6 et_pb_team_member et_pb_bg_layout_light et_pb_module et_flex_module\"><div class=\"et_pb_team_member_image et-waypoint et_pb_animation_off\"><img loading=\"lazy\" decoding=\"async\" src=\"https:\/\/redeentrepares.com\/wp-content\/uploads\/2026\/03\/redeentrepares-team-rita.jpg\" alt=\"Rita de Cassia Ribeiro\" width=\"1080\" height=\"1080\" srcset=\"https:\/\/redeentrepares.com\/wp-content\/uploads\/2026\/03\/redeentrepares-team-rita.jpg 1080w, https:\/\/redeentrepares.com\/wp-content\/uploads\/2026\/03\/redeentrepares-team-rita-980x980.jpg 980w, https:\/\/redeentrepares.com\/wp-content\/uploads\/2026\/03\/redeentrepares-team-rita-480x480.jpg 480w\" sizes=\"(min-width: 0px) and (max-width: 480px) 480px, (min-width: 481px) and (max-width: 980px) 980px, (min-width: 981px) 1080px, 100vw\" class=\"wp-image-229640\" title=\"team\" \/><\/div><div class=\"et_pb_team_member_description\"><h4 class=\"et_pb_module_header\">Rita de Cassia Ribeiro<\/h4><p class=\"et_pb_member_position\">Rio de Janeiro \u2013 Brazil<\/p><div class=\"et_pb_team_member_description_content\"><p class=\"p1\">Degree in Psychology from Universidade Santa \u00darsula; Training in Psychodrama by the Moreniana Society. Postgraduate in Family Therapy \u2013 IPUB\/UFRJ. Training in Narrative Therapy and Community Work - Associa\u00e7\u00e3o Reciclando.<\/p>\n<p>Participant of the technical team of the Entrela\u00e7os Program since 2017.<\/p>\n<\/div><\/div><\/div>\n<\/div>\n<\/div>\n\n<div class=\"et_pb_row_10 et_pb_row et_flex_row\">\n<div class=\"et_pb_column_10 et_pb_column et-last-child et_flex_column et_pb_css_mix_blend_mode_passthrough et_flex_column_24_24 et_flex_column_24_24_tablet et_flex_column_24_24_phone\">\n<div class=\"et_pb_team_member_7 et_pb_team_member et_pb_bg_layout_light et_pb_module et_flex_module\"><div class=\"et_pb_team_member_image et-waypoint et_pb_animation_off\"><img loading=\"lazy\" decoding=\"async\" src=\"https:\/\/redeentrepares.com\/wp-content\/uploads\/2026\/03\/redeentrepares-team-olga.jpg\" alt=\"Olga Le\u00e3o\" width=\"1080\" height=\"1080\" srcset=\"https:\/\/redeentrepares.com\/wp-content\/uploads\/2026\/03\/redeentrepares-team-olga.jpg 1080w, https:\/\/redeentrepares.com\/wp-content\/uploads\/2026\/03\/redeentrepares-team-olga-980x980.jpg 980w, https:\/\/redeentrepares.com\/wp-content\/uploads\/2026\/03\/redeentrepares-team-olga-480x480.jpg 480w\" sizes=\"(min-width: 0px) and (max-width: 480px) 480px, (min-width: 481px) and (max-width: 980px) 980px, (min-width: 981px) 1080px, 100vw\" class=\"wp-image-229639\" title=\"team\" \/><\/div><div class=\"et_pb_team_member_description\"><h4 class=\"et_pb_module_header\">Olga Le\u00e3o<\/h4><p class=\"et_pb_member_position\">Rio de Janeiro \u2013 Brazil<\/p><div class=\"et_pb_team_member_description_content\"><p>Degree in Psychology at the State University of Londrina\/PR. Specialization in Psychodrama - Brazilian Association of Psychodrama and Sociodrama \u2013 ABPS. MBE \u2013 Social Responsibility and Third Sector \u2013 Federal University of Rio de Janeiro. Postgraduate in Couple and Family Therapy \u2013 Delphos Espa\u00e7o Psico-Social.<\/p>\n<p>Participant of the technical team of the Entrela\u00e7os Program since 2015.<\/p>\n<p><i class=\"fa-solid fa-up-right-from-square my-fa\"><\/i><strong>Lattes:<\/strong> <a href=\"https:\/\/lattes.cnpq.br\/5211646958504253\" target=\"_blank\" \/>https:\/\/lattes.cnpq.br\/4058474303445809<\/a><\/p>\n<\/div><\/div><\/div>\n<\/div>\n<\/div>\n\n<div class=\"et_pb_row_11 et_pb_row et_flex_row\">\n<div class=\"et_pb_column_11 et_pb_column et-last-child et_flex_column et_pb_css_mix_blend_mode_passthrough et_flex_column_24_24 et_flex_column_24_24_tablet et_flex_column_24_24_phone\">\n<div class=\"et_pb_team_member_8 et_pb_team_member et_pb_bg_layout_light et_pb_module et_flex_module\"><div class=\"et_pb_team_member_image et-waypoint et_pb_animation_off\"><img loading=\"lazy\" decoding=\"async\" src=\"https:\/\/redeentrepares.com\/wp-content\/uploads\/2026\/03\/redeentrepares-team-silvana.jpg\" alt=\"Silvana Barreto\" width=\"1080\" height=\"1080\" srcset=\"https:\/\/redeentrepares.com\/wp-content\/uploads\/2026\/03\/redeentrepares-team-silvana.jpg 1080w, https:\/\/redeentrepares.com\/wp-content\/uploads\/2026\/03\/redeentrepares-team-silvana-980x980.jpg 980w, https:\/\/redeentrepares.com\/wp-content\/uploads\/2026\/03\/redeentrepares-team-silvana-480x480.jpg 480w\" sizes=\"(min-width: 0px) and (max-width: 480px) 480px, (min-width: 481px) and (max-width: 980px) 980px, (min-width: 981px) 1080px, 100vw\" class=\"wp-image-229641\" title=\"team\" \/><\/div><div class=\"et_pb_team_member_description\"><h4 class=\"et_pb_module_header\">Silvana Barreto<\/h4><p class=\"et_pb_member_position\">Rio de Janeiro \u2013 Brazil<\/p><div class=\"et_pb_team_member_description_content\"><p>Degree in Nursing from the Federal University of S\u00e3o Paulo (USP). SUS Nurse since 1999, with experience in Health Care for Chronic Non-Communicable Diseases, Primary Care, Secondary Care, High Complexity and Continuing Education. Master's student in Public Health at ENSP\/FIOCRUZ.<\/p>\n<p>Participant of the technical team of the Entrela\u00e7os Program since 2016.<\/p>\n<\/div><\/div><\/div>\n<\/div>\n<\/div>\n\n<div class=\"et_pb_row_12 et_pb_row et_flex_row\">\n<div class=\"et_pb_column_12 et_pb_column et-last-child et_flex_column et_pb_css_mix_blend_mode_passthrough et_flex_column_24_24 et_flex_column_24_24_tablet et_flex_column_24_24_phone\">\n<div class=\"et_pb_team_member_9 et_pb_team_member et_pb_bg_layout_light et_pb_module et_flex_module\"><div class=\"et_pb_team_member_image et-waypoint et_pb_animation_off\"><img loading=\"lazy\" decoding=\"async\" src=\"https:\/\/redeentrepares.com\/wp-content\/uploads\/2026\/03\/redeentrepares-team-lucia.jpg\" alt=\"L\u00facia Francisco Mahota\" width=\"1080\" height=\"1080\" srcset=\"https:\/\/redeentrepares.com\/wp-content\/uploads\/2026\/03\/redeentrepares-team-lucia.jpg 1080w, https:\/\/redeentrepares.com\/wp-content\/uploads\/2026\/03\/redeentrepares-team-lucia-980x980.jpg 980w, https:\/\/redeentrepares.com\/wp-content\/uploads\/2026\/03\/redeentrepares-team-lucia-480x480.jpg 480w\" sizes=\"(min-width: 0px) and (max-width: 480px) 480px, (min-width: 481px) and (max-width: 980px) 980px, (min-width: 981px) 1080px, 100vw\" class=\"wp-image-229692\" title=\"team-.afphoto\" \/><\/div><div class=\"et_pb_team_member_description\"><h4 class=\"et_pb_module_header\">Lucia Francisco Mahota<\/h4><p class=\"et_pb_member_position\">Maputo \u2013 Mozambique<\/p><div class=\"et_pb_team_member_description_content\"><p class=\"translation-block\">Psychiatrist with a degree in general medicine from the Faculty of Medicine of Eduardo Mondlane University (2014) in Maputo \u2013 Mozambique.<\/p>\n<p>Areas of interest: Psychoses, addiction and implementation research in mental health.<\/p>\n<\/div><\/div><\/div>\n<\/div>\n<\/div>\n\n<div class=\"et_pb_row_13 et_pb_row et_flex_row\">\n<div class=\"et_pb_column_13 et_pb_column et-last-child et_flex_column et_pb_css_mix_blend_mode_passthrough et_flex_column_24_24 et_flex_column_24_24_tablet et_flex_column_24_24_phone\">\n<div class=\"et_pb_text_3 et_pb_text et_pb_bg_layout_light et_pb_module et_flex_module\"><div class=\"et_pb_text_inner\"><h3>Community Researchers<\/h3>\n<p>Coming soon!<\/p>\n<\/div><\/div>\n<\/div>\n<\/div>\n<\/div>","protected":false},"excerpt":{"rendered":"","protected":false},"author":1,"featured_media":229644,"parent":0,"menu_order":0,"comment_status":"closed","ping_status":"closed","template":"","meta":{"footnotes":""},"class_list":["post-229226","page","type-page","status-publish","has-post-thumbnail","hentry","page_category-content"],"_links":{"self":[{"href":"https:\/\/redeentrepares.com\/en\/wp-json\/wp\/v2\/pages\/229226","targetHints":{"allow":["GET"]}}],"collection":[{"href":"https:\/\/redeentrepares.com\/en\/wp-json\/wp\/v2\/pages"}],"about":[{"href":"https:\/\/redeentrepares.com\/en\/wp-json\/wp\/v2\/types\/page"}],"author":[{"embeddable":true,"href":"https:\/\/redeentrepares.com\/en\/wp-json\/wp\/v2\/users\/1"}],"replies":[{"embeddable":true,"href":"https:\/\/redeentrepares.com\/en\/wp-json\/wp\/v2\/comments?post=229226"}],"version-history":[{"count":1,"href":"https:\/\/redeentrepares.com\/en\/wp-json\/wp\/v2\/pages\/229226\/revisions"}],"predecessor-version":[{"id":230187,"href":"https:\/\/redeentrepares.com\/en\/wp-json\/wp\/v2\/pages\/229226\/revisions\/230187"}],"wp:featuredmedia":[{"embeddable":true,"href":"https:\/\/redeentrepares.com\/en\/wp-json\/wp\/v2\/media\/229644"}],"wp:attachment":[{"href":"https:\/\/redeentrepares.com\/en\/wp-json\/wp\/v2\/media?parent=229226"}],"curies":[{"name":"wp","href":"https:\/\/api.w.org\/{rel}","templated":true}]}}